{"id":33800,"date":"2024-05-09T18:55:16","date_gmt":"2024-05-09T16:55:16","guid":{"rendered":"https:\/\/online.colop.ro\/web2023\/?post_type=product&#038;p=33800"},"modified":"2025-07-31T22:37:37","modified_gmt":"2025-07-31T20:37:37","slug":"printer-r-45","status":"publish","type":"product","link":"https:\/\/newonline.colop.ro\/?product=printer-r-45","title":{"rendered":"Printer R 45"},"content":{"rendered":"<div class=\"\">\n<div class=\"description\">\n<div class=\"\">\n<div class=\"description\">\n<p>\u015etampila rotund\u0103 cu un ton oficial &#8211; amprenta circular\u0103 confer\u0103 distinc\u0163ie \u015fi autoritate. Carcasa rotund\u0103 completeaz\u0103 amprenta circular\u0103.<\/p>\n<\/div>\n<\/div>\n<\/div>\n<\/div>\n","protected":false},"excerpt":{"rendered":"<p><span class=\"product-attributes-text\">Tu\u0219ier\u0103:<\/span>E\/R 45<\/p>\n<table class=\"product-atributes-table\" border=\"0\" width=\"100%\">\n<tbody>\n<tr>\n<td align=\"left\" valign=\"middle\"><\/td>\n<td align=\"right\" valign=\"middle\"><\/td>\n<\/tr>\n<tr>\n<td colspan=\"2\"><strong>Informa\u021bii produs<\/strong><\/td>\n<\/tr>\n<tr>\n<td align=\"left\" valign=\"middle\">Dimensiune amprent\u0103:<\/td>\n<td align=\"right\" valign=\"middle\">\u00d8 45 mm<\/td>\n<\/tr>\n<tr>\n<td align=\"left\" valign=\"middle\"><span class=\"product-attributes-text\">Num\u0103r de linii:<\/span><\/td>\n<td align=\"right\" valign=\"middle\">9<\/td>\n<\/tr>\n<tr>\n<td align=\"left\" valign=\"middle\"><\/td>\n<td align=\"right\" valign=\"middle\"><\/td>\n<\/tr>\n<\/tbody>\n<\/table>\n<p>&nbsp;<\/p>\n<p><img decoding=\"async\" class=\"alignnone size-full wp-image-17050\" src=\"https:\/\/online.colop.ro\/wp-content\/uploads\/2020\/09\/imprints_printer_R45.jpg\" alt=\"\" width=\"119\" height=\"120\" srcset=\"https:\/\/newonline.colop.ro\/wp-content\/uploads\/2020\/09\/imprints_printer_R45.jpg 119w, https:\/\/newonline.colop.ro\/wp-content\/uploads\/2020\/09\/imprints_printer_R45-80x80.jpg 80w, https:\/\/newonline.colop.ro\/wp-content\/uploads\/2020\/09\/imprints_printer_R45-32x32.jpg 32w, https:\/\/newonline.colop.ro\/wp-content\/uploads\/2020\/09\/imprints_printer_R45-100x100.jpg 100w\" sizes=\"(max-width: 119px) 100vw, 119px\" \/><\/p>\n<p>&nbsp;<\/p>\n<p><a class=\"single_add_to_cart_button button alt\" href=\"https:\/\/online.colop.ro\/produse\/stampile-placuta-text-personalizata\/stampile-cu-text\/printer-line\/printer-r-45.html\" target=\"_blank\" rel=\"noopener noreferrer\"><strong>Cump\u0103r\u0103 online<\/strong><\/a><\/p>\n","protected":false},"featured_media":33843,"template":"","meta":[],"product_cat":[245,81],"product_tag":[],"_links":{"self":[{"href":"https:\/\/newonline.colop.ro\/index.php?rest_route=\/wp\/v2\/product\/33800"}],"collection":[{"href":"https:\/\/newonline.colop.ro\/index.php?rest_route=\/wp\/v2\/product"}],"about":[{"href":"https:\/\/newonline.colop.ro\/index.php?rest_route=\/wp\/v2\/types\/product"}],"version-history":[{"count":0,"href":"https:\/\/newonline.colop.ro\/index.php?rest_route=\/wp\/v2\/product\/33800\/revisions"}],"wp:featuredmedia":[{"embeddable":true,"href":"https:\/\/newonline.colop.ro\/index.php?rest_route=\/wp\/v2\/media\/33843"}],"wp:attachment":[{"href":"https:\/\/newonline.colop.ro\/index.php?rest_route=%2Fwp%2Fv2%2Fmedia&parent=33800"}],"wp:term":[{"taxonomy":"product_cat","embeddable":true,"href":"https:\/\/newonline.colop.ro\/index.php?rest_route=%2Fwp%2Fv2%2Fproduct_cat&post=33800"},{"taxonomy":"product_tag","embeddable":true,"href":"https:\/\/newonline.colop.ro\/index.php?rest_route=%2Fwp%2Fv2%2Fproduct_tag&post=33800"}],"curies":[{"name":"wp","href":"https:\/\/api.w.org\/{rel}","templated":true}]}}