{"id":33771,"date":"2024-05-09T18:55:00","date_gmt":"2024-05-09T16:55:00","guid":{"rendered":"https:\/\/online.colop.ro\/web2023\/?post_type=product&#038;p=33771"},"modified":"2025-07-31T22:30:52","modified_gmt":"2025-07-31T20:30:52","slug":"tus-noris-n110","status":"publish","type":"product","link":"https:\/\/newonline.colop.ro\/?product=tus-noris-n110","title":{"rendered":"Tus Noris N110"},"content":{"rendered":"<p>Tu\u015ful 110 este folosit pentru tu\u015farea \u015fi retu\u015farea tu\u015fierelor de birou \u015fi a \u015ftampilelor autotu\u015fante. \u00a0Poate fi folosit \u0219i pentru lemn sau carton.<\/p>\n","protected":false},"excerpt":{"rendered":"<table class=\"product-atributes-table\" border=\"0\" width=\"100%\">\n<tbody>\n<tr>\n<td align=\"left\" valign=\"middle\"><\/td>\n<td align=\"right\" valign=\"middle\"><\/td>\n<\/tr>\n<tr>\n<td colspan=\"2\"><strong>Informa\u021bii produs<\/strong><\/td>\n<\/tr>\n<tr>\n<td align=\"left\" valign=\"middle\">Pe baz\u0103 de:<\/td>\n<td align=\"right\" valign=\"middle\">Ap\u0103<\/td>\n<\/tr>\n<tr>\n<td align=\"left\" valign=\"middle\">Se aplic\u0103 pe:<\/td>\n<td align=\"right\" valign=\"middle\">H\u00e2rtie, carton, lemn natur<\/td>\n<\/tr>\n<tr>\n<td align=\"left\" valign=\"middle\">Timp de uscare:<\/td>\n<td align=\"right\" valign=\"middle\">h\u00e2rtie &#8211; 10 s; carton &#8211; 60 s; lemn &#8211; 110 s<\/td>\n<\/tr>\n<tr>\n<td align=\"left\" valign=\"middle\">Inofensiv<\/td>\n<td align=\"right\" valign=\"middle\"><\/td>\n<\/tr>\n<tr>\n<td align=\"left\" valign=\"middle\"><\/td>\n<td align=\"right\" valign=\"middle\"><\/td>\n<\/tr>\n<\/tbody>\n<\/table>\n<p>&nbsp;<\/p>\n<p><a class=\"single_add_to_cart_button button alt\" href=\"https:\/\/online.colop.ro\/produse\/accesorii-stampile\/tusuri\/tusuri-birou\/tus-noris-n110.html\" target=\"_blank\" rel=\"noopener noreferrer\"><strong>Cump\u0103r\u0103 online<\/strong><\/a><\/p>\n","protected":false},"featured_media":34600,"template":"","meta":[],"product_cat":[260,371,97],"product_tag":[],"_links":{"self":[{"href":"https:\/\/newonline.colop.ro\/index.php?rest_route=\/wp\/v2\/product\/33771"}],"collection":[{"href":"https:\/\/newonline.colop.ro\/index.php?rest_route=\/wp\/v2\/product"}],"about":[{"href":"https:\/\/newonline.colop.ro\/index.php?rest_route=\/wp\/v2\/types\/product"}],"version-history":[{"count":1,"href":"https:\/\/newonline.colop.ro\/index.php?rest_route=\/wp\/v2\/product\/33771\/revisions"}],"predecessor-version":[{"id":39522,"href":"https:\/\/newonline.colop.ro\/index.php?rest_route=\/wp\/v2\/product\/33771\/revisions\/39522"}],"wp:featuredmedia":[{"embeddable":true,"href":"https:\/\/newonline.colop.ro\/index.php?rest_route=\/wp\/v2\/media\/34600"}],"wp:attachment":[{"href":"https:\/\/newonline.colop.ro\/index.php?rest_route=%2Fwp%2Fv2%2Fmedia&parent=33771"}],"wp:term":[{"taxonomy":"product_cat","embeddable":true,"href":"https:\/\/newonline.colop.ro\/index.php?rest_route=%2Fwp%2Fv2%2Fproduct_cat&post=33771"},{"taxonomy":"product_tag","embeddable":true,"href":"https:\/\/newonline.colop.ro\/index.php?rest_route=%2Fwp%2Fv2%2Fproduct_tag&post=33771"}],"curies":[{"name":"wp","href":"https:\/\/api.w.org\/{rel}","templated":true}]}}