{"id":33734,"date":"2024-05-09T18:54:57","date_gmt":"2024-05-09T16:54:57","guid":{"rendered":"https:\/\/online.colop.ro\/web2023\/?post_type=product&#038;p=33734"},"modified":"2025-07-31T22:35:38","modified_gmt":"2025-07-31T20:35:38","slug":"pocket-stamp-plus-30-microban","status":"publish","type":"product","link":"https:\/\/newonline.colop.ro\/?product=pocket-stamp-plus-30-microban","title":{"rendered":"Pocket Stamp Plus 30 Microban"},"content":{"rendered":"<div class=\"\">\n<div class=\"description\">\n<div class=\"\">\n<div class=\"description\">\n<p>Noul Pocket Stamp PLUS 30 poate fi utilizat cu o singur\u0103 m\u00e2n\u0103. Are un capac de protec\u021bie integrat \u00een mecanismul \u0219tampilei &#8211; elimin\u0103 necesitatea folosirii a dou\u0103 m\u00e2ini \u0219i nu poate fi pierdut. \u0218tampilare este mult mai precis\u0103 ( un sistem simplu \u00eempiedic\u0103 rotirea pl\u0103cu\u021bei de text cu mai mult de 90\u00b0 \u00een timpul deschiderii ). Carcasa compact\u0103 \u0219i robust\u0103 \u00eembun\u0103t\u0103\u021be\u0219te stabilitatea noului Pocket Stamp<\/p>\n<p>\u0218tampila ideal\u0103 pentru c\u0103l\u0103torii &#8211; amprent\u0103 rectangular\u0103 &#8211; permite cel mult 4 linii de text. Formatul comun este potrivit\u00a0 \u00een mod special pentru adres\u0103 \u015fi\/sau logo. Tu\u015fiera se poate \u00eenlocui la nevoie.<\/p>\n<\/div>\n<\/div>\n<\/div>\n<\/div>\n","protected":false},"excerpt":{"rendered":"<table class=\"product-atributes-table\" border=\"0\" width=\"100%\">\n<tbody>\n<tr>\n<td align=\"left\" valign=\"middle\"><\/td>\n<td align=\"right\" valign=\"middle\"><\/td>\n<\/tr>\n<tr>\n<td colspan=\"2\"><strong>Informa\u021bii produs<\/strong><\/td>\n<\/tr>\n<tr>\n<td align=\"left\" valign=\"middle\">Dimensiune amprent\u0103:<\/td>\n<td align=\"right\" valign=\"middle\">47 x 18 mm<\/td>\n<\/tr>\n<tr>\n<td align=\"left\" valign=\"middle\"><span class=\"product-attributes-text\">Num\u0103r de linii:<\/span><\/td>\n<td align=\"right\" valign=\"middle\">5<\/td>\n<\/tr>\n<tr>\n<td align=\"left\" valign=\"middle\"><span class=\"product-attributes-text\">Tu\u0219ier\u0103:<\/span><\/td>\n<td align=\"right\" valign=\"middle\">E\/30<\/td>\n<\/tr>\n<tr>\n<td align=\"left\" valign=\"middle\"><\/td>\n<td align=\"right\" valign=\"middle\"><\/td>\n<\/tr>\n<\/tbody>\n<\/table>\n<p>&nbsp;<\/p>\n<p><img decoding=\"async\" class=\"alignnone size-full wp-image-16018\" src=\"https:\/\/online.colop.ro\/wp-content\/uploads\/2020\/06\/144201_en_imprint.jpg\" alt=\"\" width=\"140\" height=\"53\" \/><\/p>\n<p>&nbsp;<\/p>\n<p><a class=\"single_add_to_cart_button button alt\" href=\"https:\/\/online.colop.ro\/produse\/stampile-firma\/de-birou\/new-printer-30.html\" target=\"_blank\" rel=\"noopener noreferrer\"><strong>Cump\u0103r\u0103 online<\/strong><\/a><\/p>\n","protected":false},"featured_media":37384,"template":"","meta":[],"product_cat":[278,292,99,94],"product_tag":[],"_links":{"self":[{"href":"https:\/\/newonline.colop.ro\/index.php?rest_route=\/wp\/v2\/product\/33734"}],"collection":[{"href":"https:\/\/newonline.colop.ro\/index.php?rest_route=\/wp\/v2\/product"}],"about":[{"href":"https:\/\/newonline.colop.ro\/index.php?rest_route=\/wp\/v2\/types\/product"}],"version-history":[{"count":0,"href":"https:\/\/newonline.colop.ro\/index.php?rest_route=\/wp\/v2\/product\/33734\/revisions"}],"wp:featuredmedia":[{"embeddable":true,"href":"https:\/\/newonline.colop.ro\/index.php?rest_route=\/wp\/v2\/media\/37384"}],"wp:attachment":[{"href":"https:\/\/newonline.colop.ro\/index.php?rest_route=%2Fwp%2Fv2%2Fmedia&parent=33734"}],"wp:term":[{"taxonomy":"product_cat","embeddable":true,"href":"https:\/\/newonline.colop.ro\/index.php?rest_route=%2Fwp%2Fv2%2Fproduct_cat&post=33734"},{"taxonomy":"product_tag","embeddable":true,"href":"https:\/\/newonline.colop.ro\/index.php?rest_route=%2Fwp%2Fv2%2Fproduct_tag&post=33734"}],"curies":[{"name":"wp","href":"https:\/\/api.w.org\/{rel}","templated":true}]}}