{"id":33709,"date":"2024-05-09T18:54:47","date_gmt":"2024-05-09T16:54:47","guid":{"rendered":"https:\/\/online.colop.ro\/web2023\/?post_type=product&#038;p=33709"},"modified":"2025-07-31T22:33:42","modified_gmt":"2025-07-31T20:33:42","slug":"stamp-mouse-r-30","status":"publish","type":"product","link":"https:\/\/newonline.colop.ro\/?product=stamp-mouse-r-30","title":{"rendered":"Stamp Mouse R 30"},"content":{"rendered":"<div class=\"\">\n<div class=\"description\">\n<div class=\"\">\n<div class=\"description\">\n<div class=\"\">\n<div class=\"description\">\n<p>\u0218tampil\u0103 rotund\u0103, u\u0219or de folosit datorit\u0103 mecanismului s\u0103u click.\u00a0 Doar o ap\u0103sare pe butoane \u015fi Stamp Mouse se deschide u\u015for \u015fi imediat cu o singur\u0103 m\u00e2n\u0103. Cea mai mic\u0103 \u015fi robust\u0103 \u015ftampil\u0103 rotund\u0103 de buzunar!<\/p>\n<\/div>\n<\/div>\n<\/div>\n<\/div>\n<\/div>\n<\/div>\n","protected":false},"excerpt":{"rendered":"<table class=\"product-atributes-table\" border=\"0\" width=\"100%\">\n<tbody>\n<tr>\n<td align=\"left\" valign=\"middle\"><\/td>\n<td align=\"right\" valign=\"middle\"><\/td>\n<\/tr>\n<tr>\n<td colspan=\"2\"><strong>Informa\u021bii produs<\/strong><\/td>\n<\/tr>\n<tr>\n<td align=\"left\" valign=\"middle\">Dimensiune amprent\u0103:<\/td>\n<td align=\"right\" valign=\"middle\">\u00d8 30 mm<\/td>\n<\/tr>\n<tr>\n<td align=\"left\" valign=\"middle\"><span class=\"product-attributes-text\">Num\u0103r de linii:<\/span><\/td>\n<td align=\"right\" valign=\"middle\">5<\/td>\n<\/tr>\n<tr>\n<td align=\"left\" valign=\"middle\"><\/td>\n<td align=\"right\" valign=\"middle\"><\/td>\n<\/tr>\n<\/tbody>\n<\/table>\n<p>&nbsp;<\/p>\n<p><img decoding=\"async\" class=\"alignnone size-full wp-image-17493\" src=\"https:\/\/online.colop.ro\/wp-content\/uploads\/2020\/09\/imprints_sm_r30.jpg\" alt=\"\" width=\"128\" height=\"128\" srcset=\"https:\/\/newonline.colop.ro\/wp-content\/uploads\/2020\/09\/imprints_sm_r30.jpg 128w, https:\/\/newonline.colop.ro\/wp-content\/uploads\/2020\/09\/imprints_sm_r30-80x80.jpg 80w, https:\/\/newonline.colop.ro\/wp-content\/uploads\/2020\/09\/imprints_sm_r30-32x32.jpg 32w, https:\/\/newonline.colop.ro\/wp-content\/uploads\/2020\/09\/imprints_sm_r30-100x100.jpg 100w\" sizes=\"(max-width: 128px) 100vw, 128px\" \/><\/p>\n<p>&nbsp;<\/p>\n<p><a class=\"single_add_to_cart_button button alt\" href=\"https:\/\/online.colop.ro\/produse\/stampile-placuta-text-personalizata\/stampile-cu-text\/stampmouse\/stamp-mouse-r-30.html\" target=\"_blank\" rel=\"noopener noreferrer\"><strong>Cump\u0103r\u0103 online<\/strong><\/a><\/p>\n","protected":false},"featured_media":37346,"template":"","meta":[],"product_cat":[294,94],"product_tag":[],"_links":{"self":[{"href":"https:\/\/newonline.colop.ro\/index.php?rest_route=\/wp\/v2\/product\/33709"}],"collection":[{"href":"https:\/\/newonline.colop.ro\/index.php?rest_route=\/wp\/v2\/product"}],"about":[{"href":"https:\/\/newonline.colop.ro\/index.php?rest_route=\/wp\/v2\/types\/product"}],"version-history":[{"count":0,"href":"https:\/\/newonline.colop.ro\/index.php?rest_route=\/wp\/v2\/product\/33709\/revisions"}],"wp:featuredmedia":[{"embeddable":true,"href":"https:\/\/newonline.colop.ro\/index.php?rest_route=\/wp\/v2\/media\/37346"}],"wp:attachment":[{"href":"https:\/\/newonline.colop.ro\/index.php?rest_route=%2Fwp%2Fv2%2Fmedia&parent=33709"}],"wp:term":[{"taxonomy":"product_cat","embeddable":true,"href":"https:\/\/newonline.colop.ro\/index.php?rest_route=%2Fwp%2Fv2%2Fproduct_cat&post=33709"},{"taxonomy":"product_tag","embeddable":true,"href":"https:\/\/newonline.colop.ro\/index.php?rest_route=%2Fwp%2Fv2%2Fproduct_tag&post=33709"}],"curies":[{"name":"wp","href":"https:\/\/api.w.org\/{rel}","templated":true}]}}