{"id":33707,"date":"2024-05-09T18:54:46","date_gmt":"2024-05-09T16:54:46","guid":{"rendered":"https:\/\/online.colop.ro\/web2023\/?post_type=product&#038;p=33707"},"modified":"2025-07-31T22:33:42","modified_gmt":"2025-07-31T20:33:42","slug":"stamp-mouse-r-40","status":"publish","type":"product","link":"https:\/\/newonline.colop.ro\/?product=stamp-mouse-r-40","title":{"rendered":"Stamp Mouse R 40"},"content":{"rendered":"<div class=\"\">\n<div class=\"description\">\n<div class=\"\">\n<div class=\"description\">\n<div class=\"\">\n<div class=\"description\">\n<div class=\"\">\n<div class=\"description\">\n<p>\u0218tampil\u0103 rotund\u0103, u\u0219or de folosit datorit\u0103 mecanismului s\u0103u cu click.\u00a0 Doar o ap\u0103sare pe butoane \u015fi Stamp Mouse se deschide u\u015for \u015fi imediat cu o singur\u0103 m\u00e2n\u0103.<\/p>\n<\/div>\n<\/div>\n<\/div>\n<\/div>\n<\/div>\n<\/div>\n<\/div>\n<\/div>\n","protected":false},"excerpt":{"rendered":"<table class=\"product-atributes-table\" border=\"0\" width=\"100%\">\n<tbody>\n<tr>\n<td align=\"left\" valign=\"middle\"><\/td>\n<td align=\"right\" valign=\"middle\"><\/td>\n<\/tr>\n<tr>\n<td colspan=\"2\"><strong>Informa\u021bii produs<\/strong><\/td>\n<\/tr>\n<tr>\n<td align=\"left\" valign=\"middle\">Dimensiune amprent\u0103:<\/td>\n<td align=\"right\" valign=\"middle\">\u00d8 40 mm<\/td>\n<\/tr>\n<tr>\n<td align=\"left\" valign=\"middle\"><span class=\"product-attributes-text\">Num\u0103r de linii:<\/span><\/td>\n<td align=\"right\" valign=\"middle\">7<\/td>\n<\/tr>\n<tr>\n<td align=\"left\" valign=\"middle\"><\/td>\n<td align=\"right\" valign=\"middle\"><\/td>\n<\/tr>\n<\/tbody>\n<\/table>\n<p>&nbsp;<\/p>\n<p><img decoding=\"async\" class=\"alignnone size-full wp-image-17500\" src=\"https:\/\/online.colop.ro\/wp-content\/uploads\/2020\/09\/imprints_sm_r40.jpg\" alt=\"\" width=\"134\" height=\"133\" srcset=\"https:\/\/newonline.colop.ro\/wp-content\/uploads\/2020\/09\/imprints_sm_r40.jpg 134w, https:\/\/newonline.colop.ro\/wp-content\/uploads\/2020\/09\/imprints_sm_r40-80x80.jpg 80w, https:\/\/newonline.colop.ro\/wp-content\/uploads\/2020\/09\/imprints_sm_r40-32x32.jpg 32w, https:\/\/newonline.colop.ro\/wp-content\/uploads\/2020\/09\/imprints_sm_r40-100x100.jpg 100w\" sizes=\"(max-width: 134px) 100vw, 134px\" \/><\/p>\n<p>&nbsp;<\/p>\n<p><a class=\"single_add_to_cart_button button alt\" href=\"https:\/\/online.colop.ro\/produse\/stampile-placuta-text-personalizata\/stampile-cu-text\/stampmouse\/stamp-mouse-r40.html\" target=\"_blank\" rel=\"noopener noreferrer\"><strong>Cump\u0103r\u0103 online<\/strong><\/a><\/p>\n","protected":false},"featured_media":37345,"template":"","meta":[],"product_cat":[294,94],"product_tag":[],"_links":{"self":[{"href":"https:\/\/newonline.colop.ro\/index.php?rest_route=\/wp\/v2\/product\/33707"}],"collection":[{"href":"https:\/\/newonline.colop.ro\/index.php?rest_route=\/wp\/v2\/product"}],"about":[{"href":"https:\/\/newonline.colop.ro\/index.php?rest_route=\/wp\/v2\/types\/product"}],"version-history":[{"count":0,"href":"https:\/\/newonline.colop.ro\/index.php?rest_route=\/wp\/v2\/product\/33707\/revisions"}],"wp:featuredmedia":[{"embeddable":true,"href":"https:\/\/newonline.colop.ro\/index.php?rest_route=\/wp\/v2\/media\/37345"}],"wp:attachment":[{"href":"https:\/\/newonline.colop.ro\/index.php?rest_route=%2Fwp%2Fv2%2Fmedia&parent=33707"}],"wp:term":[{"taxonomy":"product_cat","embeddable":true,"href":"https:\/\/newonline.colop.ro\/index.php?rest_route=%2Fwp%2Fv2%2Fproduct_cat&post=33707"},{"taxonomy":"product_tag","embeddable":true,"href":"https:\/\/newonline.colop.ro\/index.php?rest_route=%2Fwp%2Fv2%2Fproduct_tag&post=33707"}],"curies":[{"name":"wp","href":"https:\/\/api.w.org\/{rel}","templated":true}]}}