{"id":33672,"date":"2024-05-09T18:54:43","date_gmt":"2024-05-09T16:54:43","guid":{"rendered":"https:\/\/online.colop.ro\/web2023\/?post_type=product&#038;p=33672"},"modified":"2025-07-31T22:31:45","modified_gmt":"2025-07-31T20:31:45","slug":"tusiera-e-10-2","status":"publish","type":"product","link":"https:\/\/newonline.colop.ro\/?product=tusiera-e-10-2","title":{"rendered":"Tu\u0219ier\u0103 E\/10\/2"},"content":{"rendered":"<p>Tu\u0219ier\u0103 de rezerv\u0103 realizat\u0103 prin tu\u015fare controlat\u0103 electronic. Materialul microporos este acoperit de un strat special ce garanteaz\u0103 omogenitatea \u015fi calitatea amprent\u0103rii.<\/p>\n<p>&nbsp;<\/p>\n<p>Tu\u0219ier\u0103 bicolor\u0103 de rezerv\u0103 pentru COLOP Printer 10, Mini-Dater S120, S 160, Mini-Folio S 126, Mini-Info S 120\/W, L 10, Soft 10<\/p>\n","protected":false},"excerpt":{"rendered":"<p><a class=\"single_add_to_cart_button button alt\" href=\"https:\/\/online.colop.ro\/produse\/accesorii-stampile\/tusiere-de-rezerva\/printer-line\/e-10-2.html\" target=\"_blank\" rel=\"noopener noreferrer\"><strong>Cump\u0103r\u0103 online<\/strong><\/a><\/p>\n","protected":false},"featured_media":37165,"template":"","meta":[],"product_cat":[323,97],"product_tag":[],"_links":{"self":[{"href":"https:\/\/newonline.colop.ro\/index.php?rest_route=\/wp\/v2\/product\/33672"}],"collection":[{"href":"https:\/\/newonline.colop.ro\/index.php?rest_route=\/wp\/v2\/product"}],"about":[{"href":"https:\/\/newonline.colop.ro\/index.php?rest_route=\/wp\/v2\/types\/product"}],"version-history":[{"count":0,"href":"https:\/\/newonline.colop.ro\/index.php?rest_route=\/wp\/v2\/product\/33672\/revisions"}],"wp:featuredmedia":[{"embeddable":true,"href":"https:\/\/newonline.colop.ro\/index.php?rest_route=\/wp\/v2\/media\/37165"}],"wp:attachment":[{"href":"https:\/\/newonline.colop.ro\/index.php?rest_route=%2Fwp%2Fv2%2Fmedia&parent=33672"}],"wp:term":[{"taxonomy":"product_cat","embeddable":true,"href":"https:\/\/newonline.colop.ro\/index.php?rest_route=%2Fwp%2Fv2%2Fproduct_cat&post=33672"},{"taxonomy":"product_tag","embeddable":true,"href":"https:\/\/newonline.colop.ro\/index.php?rest_route=%2Fwp%2Fv2%2Fproduct_tag&post=33672"}],"curies":[{"name":"wp","href":"https:\/\/api.w.org\/{rel}","templated":true}]}}