{"id":33652,"date":"2024-05-09T18:54:36","date_gmt":"2024-05-09T16:54:36","guid":{"rendered":"https:\/\/online.colop.ro\/web2023\/?post_type=product&#038;p=33652"},"modified":"2025-07-31T22:31:28","modified_gmt":"2025-07-31T20:31:28","slug":"tusiera-e-2300","status":"publish","type":"product","link":"https:\/\/newonline.colop.ro\/?product=tusiera-e-2300","title":{"rendered":"Tu\u0219ier\u0103 E\/2300"},"content":{"rendered":"<p>Tu\u0219ier\u0103 de rezerv\u0103 realizat\u0103 prin tu\u015fare controlat\u0103 electronic. Materialul microporos este acoperit de un strat special ce garanteaz\u0103 omogenitatea \u015fi calitatea amprent\u0103rii.<\/p>\n<p>&nbsp;<\/p>\n<p>Tu\u0219ier\u0103 de rezerv\u0103 pentru COLOP Classic 2200, 2260, 2300, 2360, 2000\/3, 2000\/4, 2000\/5, 2000\/W, 2006, Office S 300, S 360, Office older models S 400, S 420, S 420\/W, S 426, S 426\/P, S 460<\/p>\n","protected":false},"excerpt":{"rendered":"<p><a class=\"single_add_to_cart_button button alt\" href=\"https:\/\/online.colop.ro\/produse\/accesorii-stampile\/tusiere-de-rezerva\/classic-office-line\/e-2300.html\" target=\"_blank\" rel=\"noopener noreferrer\"><strong>Cump\u0103r\u0103 online<\/strong><\/a><\/p>\n","protected":false},"featured_media":37175,"template":"","meta":[],"product_cat":[323,97],"product_tag":[],"_links":{"self":[{"href":"https:\/\/newonline.colop.ro\/index.php?rest_route=\/wp\/v2\/product\/33652"}],"collection":[{"href":"https:\/\/newonline.colop.ro\/index.php?rest_route=\/wp\/v2\/product"}],"about":[{"href":"https:\/\/newonline.colop.ro\/index.php?rest_route=\/wp\/v2\/types\/product"}],"version-history":[{"count":0,"href":"https:\/\/newonline.colop.ro\/index.php?rest_route=\/wp\/v2\/product\/33652\/revisions"}],"wp:featuredmedia":[{"embeddable":true,"href":"https:\/\/newonline.colop.ro\/index.php?rest_route=\/wp\/v2\/media\/37175"}],"wp:attachment":[{"href":"https:\/\/newonline.colop.ro\/index.php?rest_route=%2Fwp%2Fv2%2Fmedia&parent=33652"}],"wp:term":[{"taxonomy":"product_cat","embeddable":true,"href":"https:\/\/newonline.colop.ro\/index.php?rest_route=%2Fwp%2Fv2%2Fproduct_cat&post=33652"},{"taxonomy":"product_tag","embeddable":true,"href":"https:\/\/newonline.colop.ro\/index.php?rest_route=%2Fwp%2Fv2%2Fproduct_tag&post=33652"}],"curies":[{"name":"wp","href":"https:\/\/api.w.org\/{rel}","templated":true}]}}