{"id":33560,"date":"2024-05-09T18:54:19","date_gmt":"2024-05-09T16:54:19","guid":{"rendered":"https:\/\/online.colop.ro\/web2023\/?post_type=product&#038;p=33560"},"modified":"2025-07-31T22:20:01","modified_gmt":"2025-07-31T20:20:01","slug":"tusiera-reiner-b6-b6k-8-cifre","status":"publish","type":"product","link":"https:\/\/newonline.colop.ro\/?product=tusiera-reiner-b6-b6k-8-cifre","title":{"rendered":"Tu\u0219ier\u0103 Reiner B6\/B6k 8 cifre"},"content":{"rendered":"<p>Tu\u0219ier\u0103 Reiner pe baz\u0103 de ulei pentru \u00eenseriatoarele automate B6 \u0219i B6k cu 8 cifre.<\/p>\n","protected":false},"excerpt":{"rendered":"<p><a class=\"single_add_to_cart_button button alt\" href=\"https:\/\/online.colop.ro\/produse\/numaratoare-automate-reiner\/tusiera8cifre.html\" target=\"_blank\" rel=\"noopener noreferrer\"><strong>Cump\u0103r\u0103 online<\/strong><\/a><\/p>\n","protected":false},"featured_media":36834,"template":"","meta":[],"product_cat":[97,338],"product_tag":[],"_links":{"self":[{"href":"https:\/\/newonline.colop.ro\/index.php?rest_route=\/wp\/v2\/product\/33560"}],"collection":[{"href":"https:\/\/newonline.colop.ro\/index.php?rest_route=\/wp\/v2\/product"}],"about":[{"href":"https:\/\/newonline.colop.ro\/index.php?rest_route=\/wp\/v2\/types\/product"}],"version-history":[{"count":2,"href":"https:\/\/newonline.colop.ro\/index.php?rest_route=\/wp\/v2\/product\/33560\/revisions"}],"predecessor-version":[{"id":40390,"href":"https:\/\/newonline.colop.ro\/index.php?rest_route=\/wp\/v2\/product\/33560\/revisions\/40390"}],"wp:featuredmedia":[{"embeddable":true,"href":"https:\/\/newonline.colop.ro\/index.php?rest_route=\/wp\/v2\/media\/36834"}],"wp:attachment":[{"href":"https:\/\/newonline.colop.ro\/index.php?rest_route=%2Fwp%2Fv2%2Fmedia&parent=33560"}],"wp:term":[{"taxonomy":"product_cat","embeddable":true,"href":"https:\/\/newonline.colop.ro\/index.php?rest_route=%2Fwp%2Fv2%2Fproduct_cat&post=33560"},{"taxonomy":"product_tag","embeddable":true,"href":"https:\/\/newonline.colop.ro\/index.php?rest_route=%2Fwp%2Fv2%2Fproduct_tag&post=33560"}],"curies":[{"name":"wp","href":"https:\/\/api.w.org\/{rel}","templated":true}]}}