{"id":33548,"date":"2024-05-09T18:54:18","date_gmt":"2024-05-09T16:54:18","guid":{"rendered":"https:\/\/online.colop.ro\/web2023\/?post_type=product&#038;p=33548"},"modified":"2025-07-31T22:19:59","modified_gmt":"2025-07-31T20:19:59","slug":"stampila-r-2045","status":"publish","type":"product","link":"https:\/\/newonline.colop.ro\/?product=stampila-r-2045","title":{"rendered":"\u0218tampil\u0103 R 2045"},"content":{"rendered":"<div class=\"\">\n<div class=\"description\">\n<div class=\"\">\n<div class=\"description\">\n<p>\u015etampil\u0103 rotund\u0103 din metal.<\/p>\n<\/div>\n<\/div>\n<\/div>\n<\/div>\n","protected":false},"excerpt":{"rendered":"<table class=\"product-atributes-table\" border=\"0\" width=\"100%\">\n<tbody>\n<tr>\n<td align=\"left\" valign=\"middle\"><\/td>\n<td align=\"right\" valign=\"middle\"><\/td>\n<\/tr>\n<tr>\n<td colspan=\"2\"><strong>Informa\u021bii produs<\/strong><\/td>\n<\/tr>\n<tr>\n<td align=\"left\" valign=\"middle\">Dimensiune amprent\u0103:<\/td>\n<td align=\"right\" valign=\"middle\">\u03a645 mm<\/td>\n<\/tr>\n<tr>\n<td align=\"left\" valign=\"middle\"><span class=\"product-attributes-text\">Num\u0103r de linii:<\/span><\/td>\n<td align=\"right\" valign=\"middle\">7<\/td>\n<\/tr>\n<tr>\n<td align=\"left\" valign=\"middle\"><span class=\"product-attributes-text\">Tu\u0219ier\u0103:<\/span><\/td>\n<td align=\"right\" valign=\"middle\">ER45<\/td>\n<\/tr>\n<tr>\n<td align=\"left\" valign=\"middle\"><\/td>\n<td align=\"right\" valign=\"middle\"><\/td>\n<\/tr>\n<\/tbody>\n<\/table>\n<p>&nbsp;<\/p>\n<p><img fetchpriority=\"high\" decoding=\"async\" class=\"alignnone size-full wp-image-23056\" src=\"https:\/\/online.colop.ro\/wp-content\/uploads\/2021\/11\/R2045-amprenta-2.png\" alt=\"\" width=\"271\" height=\"284\" \/><\/p>\n<p>&nbsp;<\/p>\n<p><a class=\"single_add_to_cart_button button alt\" href=\"https:\/\/online.colop.ro\/r-2045.html\" target=\"_blank\" rel=\"noopener noreferrer\"><strong>Cump\u0103r\u0103 online<\/strong><\/a><\/p>\n","protected":false},"featured_media":36810,"template":"","meta":[],"product_cat":[128],"product_tag":[],"_links":{"self":[{"href":"https:\/\/newonline.colop.ro\/index.php?rest_route=\/wp\/v2\/product\/33548"}],"collection":[{"href":"https:\/\/newonline.colop.ro\/index.php?rest_route=\/wp\/v2\/product"}],"about":[{"href":"https:\/\/newonline.colop.ro\/index.php?rest_route=\/wp\/v2\/types\/product"}],"version-history":[{"count":0,"href":"https:\/\/newonline.colop.ro\/index.php?rest_route=\/wp\/v2\/product\/33548\/revisions"}],"wp:featuredmedia":[{"embeddable":true,"href":"https:\/\/newonline.colop.ro\/index.php?rest_route=\/wp\/v2\/media\/36810"}],"wp:attachment":[{"href":"https:\/\/newonline.colop.ro\/index.php?rest_route=%2Fwp%2Fv2%2Fmedia&parent=33548"}],"wp:term":[{"taxonomy":"product_cat","embeddable":true,"href":"https:\/\/newonline.colop.ro\/index.php?rest_route=%2Fwp%2Fv2%2Fproduct_cat&post=33548"},{"taxonomy":"product_tag","embeddable":true,"href":"https:\/\/newonline.colop.ro\/index.php?rest_route=%2Fwp%2Fv2%2Fproduct_tag&post=33548"}],"curies":[{"name":"wp","href":"https:\/\/api.w.org\/{rel}","templated":true}]}}