{"id":33535,"date":"2024-05-09T18:54:17","date_gmt":"2024-05-09T16:54:17","guid":{"rendered":"https:\/\/online.colop.ro\/web2023\/?post_type=product&#038;p=33535"},"modified":"2025-08-20T15:05:07","modified_gmt":"2025-08-20T13:05:07","slug":"tusiera-make-1","status":"publish","type":"product","link":"https:\/\/newonline.colop.ro\/?product=tusiera-make-1","title":{"rendered":"Tu\u0219ier\u0103 MAKE 1"},"content":{"rendered":"<p>V\u0103 prezent\u0103m cea mai variat\u0103 gam\u0103 de tu\u0219iere colorate din Europa! Materiale de \u00eenalt\u0103 calitate, produse 100% \u00een Europa, \u00een 14 nuan\u021be atractive.<\/p>\n","protected":false},"excerpt":{"rendered":"<p>V\u0103 prezent\u0103m cea mai variat\u0103 gam\u0103 de tu\u0219iere colorate din Europa! Materiale de \u00eenalt\u0103 calitate, produse 100% \u00een Europa, \u00een 14 nuan\u021be atractive.<\/p>\n","protected":false},"featured_media":33590,"template":"","meta":[],"product_cat":[348],"product_tag":[],"_links":{"self":[{"href":"https:\/\/newonline.colop.ro\/index.php?rest_route=\/wp\/v2\/product\/33535"}],"collection":[{"href":"https:\/\/newonline.colop.ro\/index.php?rest_route=\/wp\/v2\/product"}],"about":[{"href":"https:\/\/newonline.colop.ro\/index.php?rest_route=\/wp\/v2\/types\/product"}],"version-history":[{"count":0,"href":"https:\/\/newonline.colop.ro\/index.php?rest_route=\/wp\/v2\/product\/33535\/revisions"}],"wp:featuredmedia":[{"embeddable":true,"href":"https:\/\/newonline.colop.ro\/index.php?rest_route=\/wp\/v2\/media\/33590"}],"wp:attachment":[{"href":"https:\/\/newonline.colop.ro\/index.php?rest_route=%2Fwp%2Fv2%2Fmedia&parent=33535"}],"wp:term":[{"taxonomy":"product_cat","embeddable":true,"href":"https:\/\/newonline.colop.ro\/index.php?rest_route=%2Fwp%2Fv2%2Fproduct_cat&post=33535"},{"taxonomy":"product_tag","embeddable":true,"href":"https:\/\/newonline.colop.ro\/index.php?rest_route=%2Fwp%2Fv2%2Fproduct_tag&post=33535"}],"curies":[{"name":"wp","href":"https:\/\/api.w.org\/{rel}","templated":true}]}}