{"id":33515,"date":"2024-05-09T18:53:58","date_gmt":"2024-05-09T16:53:58","guid":{"rendered":"https:\/\/online.colop.ro\/web2023\/?post_type=product&#038;p=33515"},"modified":"2025-07-31T22:10:20","modified_gmt":"2025-07-31T20:10:20","slug":"colop-e-mark-resigilat-cartus-nou","status":"publish","type":"product","link":"https:\/\/newonline.colop.ro\/?product=colop-e-mark-resigilat-cartus-nou","title":{"rendered":"Imprimant\u0103 portabil\u0103 COLOP E-mark Resigilat\u0103 &#8211; Cartu\u0219 NOU"},"content":{"rendered":"<div class=\"description\">\n<table class=\"product-atributes-table\" style=\"width: 100%; height: 3486px;\" border=\"0\" width=\"100%\">\n<tbody>\n<tr style=\"height: 132px;\">\n<td style=\"height: 132px;\" align=\"left\" valign=\"middle\"><img decoding=\"async\" class=\"size-medium wp-image-21138 aligncenter\" src=\"https:\/\/online.colop.ro\/wp-content\/uploads\/2020\/08\/colop-e-mark-300x132.png\" alt=\"\" width=\"300\" height=\"132\" srcset=\"https:\/\/newonline.colop.ro\/wp-content\/uploads\/2020\/08\/colop-e-mark-300x132.png 300w, https:\/\/newonline.colop.ro\/wp-content\/uploads\/2020\/08\/colop-e-mark.png 338w\" sizes=\"(max-width: 300px) 100vw, 300px\" \/><\/td>\n<\/tr>\n<tr style=\"height: 50px;\">\n<td style=\"height: 50px;\"><\/td>\n<\/tr>\n<tr style=\"height: 75px;\" bgcolor=\"#F5F5F5\">\n<td style=\"font-family: verdana; height: 75px;\">\n<h2><strong>Ce este e-mark?<\/strong><\/h2>\n<\/td>\n<\/tr>\n<tr style=\"height: 24px;\" bgcolor=\"#F5F5F5\">\n<td style=\"height: 24px;\" align=\"left\" valign=\"middle\"><\/td>\n<\/tr>\n<tr style=\"height: 48px;\" bgcolor=\"#F5F5F5\">\n<td style=\"font-family: verdana; height: 48px;\" align=\"left\" valign=\"middle\">Colop E-mark este un dispozitiv electronic de marcare mobil, care permite crearea \u0219i modificarea amprentelor proprii prin intermediul unei aplica\u021bii pe un dispozitiv mobil sau pe PC \u0219i imprimarea acestora pe diverse suprafe\u021be.<\/td>\n<\/tr>\n<tr style=\"height: 24px;\" bgcolor=\"#F5F5F5\">\n<td style=\"height: 24px;\" align=\"left\" valign=\"middle\"><\/td>\n<\/tr>\n<tr style=\"height: 508px;\">\n<td style=\"height: 508px;\" align=\"left\" valign=\"middle\" bgcolor=\"#F5F5F5\"><iframe title=\"YouTube video player\" src=\"https:\/\/www.youtube.com\/embed\/ZYo70qsONXk\" width=\"100%\" height=\"500\" frameborder=\"0\" allowfullscreen=\"allowfullscreen\"><span data-mce-type=\"bookmark\" style=\"display: inline-block; width: 0px; overflow: hidden; line-height: 0;\" class=\"mce_SELRES_start\">\ufeff<\/span><span data-mce-type=\"bookmark\" style=\"display: inline-block; width: 0px; overflow: hidden; line-height: 0;\" class=\"mce_SELRES_start\">\ufeff<\/span><\/iframe><\/td>\n<\/tr>\n<tr style=\"height: 50px;\">\n<td style=\"height: 50px;\"><\/td>\n<\/tr>\n<tr style=\"height: 75px;\">\n<td style=\"font-family: verdana; height: 75px;\" align=\"left\" valign=\"middle\">\n<h2 class=\"section-title\">Cum func\u021bioneaz\u0103?<\/h2>\n<\/td>\n<\/tr>\n<tr style=\"height: 24px;\">\n<td style=\"height: 24px;\" align=\"left\" valign=\"middle\"><\/td>\n<\/tr>\n<tr style=\"height: 128px;\">\n<td style=\"font-family: verdana; height: 128px;\" align=\"left\" valign=\"middle\">\n<ul>\n<li style=\"list-style-type: none;\">\n<ul>\n<li>Conectez\u0103-\u021bi dispozitivul mobil (smartphone, tablet\u0103 sau laptop) cu e-mark prin Wifi sau prin Wifi \u0219i USB cu PC-ul<\/li>\n<li>Creeaz\u0103-\u021bi propriul \u0219ablon sau folose\u0219te-le pe cele predefinite<\/li>\n<li>Trimite c\u0103tre e-mark<\/li>\n<li>&#8230;\u0219i imprim\u0103<\/li>\n<\/ul>\n<\/li>\n<\/ul>\n<\/td>\n<\/tr>\n<tr style=\"height: 75px;\">\n<td style=\"font-family: verdana; height: 75px;\" align=\"left\" valign=\"middle\">\n<h2 style=\"text-align: center;\"><strong>Pare simplu? &#8211; Este simplu!<\/strong><\/h2>\n<\/td>\n<\/tr>\n<tr style=\"height: 70px;\">\n<td style=\"height: 70px;\"><img fetchpriority=\"high\" decoding=\"async\" class=\"aligncenter wp-image-21140 size-full\" src=\"https:\/\/online.colop.ro\/wp-content\/uploads\/2020\/08\/PASI-E-MARK.png\" alt=\"\" width=\"1200\" height=\"70\" srcset=\"https:\/\/newonline.colop.ro\/wp-content\/uploads\/2020\/08\/PASI-E-MARK.png 1200w, https:\/\/newonline.colop.ro\/wp-content\/uploads\/2020\/08\/PASI-E-MARK-300x18.png 300w, https:\/\/newonline.colop.ro\/wp-content\/uploads\/2020\/08\/PASI-E-MARK-1024x60.png 1024w, https:\/\/newonline.colop.ro\/wp-content\/uploads\/2020\/08\/PASI-E-MARK-768x45.png 768w, https:\/\/newonline.colop.ro\/wp-content\/uploads\/2020\/08\/PASI-E-MARK-600x35.png 600w\" sizes=\"(max-width: 1200px) 100vw, 1200px\" \/><\/td>\n<\/tr>\n<tr style=\"height: 50px;\">\n<td style=\"height: 50px;\"><\/td>\n<\/tr>\n<tr style=\"height: 75px;\">\n<td style=\"font-family: verdana; height: 75px;\" align=\"left\" valign=\"middle\">\n<h2 style=\"text-align: center;\"><strong>Caracteristici unice<\/strong><\/h2>\n<\/td>\n<\/tr>\n<tr style=\"height: 30px;\">\n<td style=\"height: 30px;\"><\/td>\n<\/tr>\n<tr style=\"height: 1978px;\">\n<td style=\"font-family: verdana; height: 1978px;\">\n<h4 style=\"text-align: center;\"><strong><img decoding=\"async\" class=\"alignnone size-medium wp-image-21196\" src=\"https:\/\/online.colop.ro\/wp-content\/uploads\/2020\/08\/imprimare-multicolora.png\" alt=\"\" width=\"92\" height=\"103\" \/><\/strong><\/h4>\n<h4 style=\"text-align: center;\"><strong>Imprimare multicolor\u0103<\/strong><\/h4>\n<p style=\"text-align: center;\">Imprim\u0103 color logo-ul companiei tale, texte \u0219i imagini<\/p>\n<p>&nbsp;<\/p>\n<h4 style=\"text-align: center;\"><strong><img loading=\"lazy\" decoding=\"async\" class=\"alignnone size-full wp-image-21190\" src=\"https:\/\/online.colop.ro\/wp-content\/uploads\/2020\/08\/free-app.png\" alt=\"\" width=\"82\" height=\"100\" \/><\/strong><\/h4>\n<h4 style=\"text-align: center;\"><strong>Aplica\u021bii gratuite pentru desognuri customizate<\/strong><\/h4>\n<p style=\"text-align: center;\">Un singur e-mark, dou\u0103 aplica\u021bii: dispozitivul vine cu aplica\u021bia e-mark \u0219i cu aplica\u021bia e-mark create<\/p>\n<h4><\/h4>\n<h4><strong><img loading=\"lazy\" decoding=\"async\" class=\"wp-image-21188 size-full aligncenter\" src=\"https:\/\/online.colop.ro\/wp-content\/uploads\/2020\/08\/data-ora.png\" alt=\"\" width=\"100\" height=\"102\" srcset=\"https:\/\/newonline.colop.ro\/wp-content\/uploads\/2020\/08\/data-ora.png 100w, https:\/\/newonline.colop.ro\/wp-content\/uploads\/2020\/08\/data-ora-32x32.png 32w\" sizes=\"(max-width: 100px) 100vw, 100px\" \/><\/strong><\/h4>\n<h4 style=\"text-align: center;\"><strong>Generator de dat\u0103, or\u0103 \u0219i num\u0103r<\/strong><\/h4>\n<p style=\"text-align: center;\">Imprim\u0103 instant dat\u0103, or\u0103 \u0219i num\u0103r pe orice suprafa\u021b\u0103<\/p>\n<p>&nbsp;<\/p>\n<h4><strong><img loading=\"lazy\" decoding=\"async\" class=\"wp-image-21192 size-full aligncenter\" src=\"https:\/\/online.colop.ro\/wp-content\/uploads\/2020\/08\/qr-code.png\" alt=\"\" width=\"78\" height=\"100\" \/><\/strong><\/h4>\n<h4 style=\"text-align: center;\"><strong>Generator de coduri QR \u0219i coduri de bare<\/strong><\/h4>\n<p style=\"text-align: center;\">Creeaz\u0103 propriul cod QR sau cod de bare \u00een aplica\u021bia e-mark \u0219i imprim\u0103 instant<\/p>\n<p style=\"text-align: center;\">\u200b<\/p>\n<h4><strong><img loading=\"lazy\" decoding=\"async\" class=\"wp-image-21194 size-full aligncenter\" src=\"https:\/\/online.colop.ro\/wp-content\/uploads\/2020\/08\/compact.png\" alt=\"\" width=\"77\" height=\"80\" srcset=\"https:\/\/newonline.colop.ro\/wp-content\/uploads\/2020\/08\/compact.png 77w, https:\/\/newonline.colop.ro\/wp-content\/uploads\/2020\/08\/compact-32x32.png 32w\" sizes=\"(max-width: 77px) 100vw, 77px\" \/><\/strong><\/h4>\n<h4 style=\"text-align: center;\"><strong>Compact \u0219i mobil<\/strong><\/h4>\n<p style=\"text-align: center;\">E-mark poate fi operat eficient de pe aplica\u021biile instalate pe sisteme Android \u0219i iOS<\/p>\n<p>&nbsp;<\/p>\n<h4><strong><img loading=\"lazy\" decoding=\"async\" class=\"wp-image-21182 size-full aligncenter\" src=\"https:\/\/online.colop.ro\/wp-content\/uploads\/2020\/08\/texturi-diverse.png\" alt=\"\" width=\"101\" height=\"102\" srcset=\"https:\/\/newonline.colop.ro\/wp-content\/uploads\/2020\/08\/texturi-diverse.png 101w, https:\/\/newonline.colop.ro\/wp-content\/uploads\/2020\/08\/texturi-diverse-80x80.png 80w, https:\/\/newonline.colop.ro\/wp-content\/uploads\/2020\/08\/texturi-diverse-32x32.png 32w, https:\/\/newonline.colop.ro\/wp-content\/uploads\/2020\/08\/texturi-diverse-100x100.png 100w\" sizes=\"(max-width: 101px) 100vw, 101px\" \/><\/strong><\/h4>\n<h4 style=\"text-align: center;\"><strong>Imprim\u0103 pe suprafe\u021be diverse<\/strong><\/h4>\n<p style=\"text-align: center;\">Imprim\u0103 direct pe h\u00e2rtie, carton, plut\u0103 \u0219i chiar lemn<\/p>\n<p>&nbsp;<\/p>\n<p style=\"text-align: center;\"><strong><img loading=\"lazy\" decoding=\"async\" class=\"alignnone wp-image-21184 size-full\" src=\"https:\/\/online.colop.ro\/wp-content\/uploads\/2020\/08\/win-software.png\" alt=\"\" width=\"97\" height=\"102\" \/><\/strong><\/p>\n<p style=\"text-align: center;\"><strong>Aplica\u021bie Windows pentru PC<\/strong><\/p>\n<p style=\"text-align: center;\">Pentru a fi folosit cu u\u0219urin\u021b\u0103 \u00een domeniile business, e-mark poate fi conectat la un PC Windows<\/p>\n<p>&nbsp;<\/p>\n<p style=\"text-align: center;\"><strong><img loading=\"lazy\" decoding=\"async\" class=\"alignnone wp-image-21186 size-full\" src=\"https:\/\/online.colop.ro\/wp-content\/uploads\/2020\/08\/panglici2.png\" alt=\"\" width=\"103\" height=\"101\" srcset=\"https:\/\/newonline.colop.ro\/wp-content\/uploads\/2020\/08\/panglici2.png 103w, https:\/\/newonline.colop.ro\/wp-content\/uploads\/2020\/08\/panglici2-32x32.png 32w\" sizes=\"(max-width: 103px) 100vw, 103px\" \/><\/strong><\/p>\n<p style=\"text-align: center;\"><strong>O gam\u0103 generoas\u0103 de accesorii<\/strong><\/p>\n<p style=\"text-align: center;\">O multitudine de accesorii sunt disponibile pentru e-mark: etichete adezive, setul de ghidaje pentru panglici, panglici de bumbac \u0219i br\u0103\u021b\u0103ri pentru evenimente<\/p>\n<\/td>\n<\/tr>\n<tr style=\"height: 50px;\">\n<td style=\"height: 46px;\"><\/td>\n<\/tr>\n<\/tbody>\n<\/table>\n<\/div>\n","protected":false},"excerpt":{"rendered":"<div class=\"description\">\n<p>COLOP E-mark resigilat, cu cartu\u0219 NOU.<\/p>\n<p>Ambalaj original intact.<\/p>\n<p>Urme minime de utilizare.<\/p>\n<p>&nbsp;<\/p>\n<p>Colop E-mark este un dispozitiv electronic de marcare mobil, care permite crearea \u0219i modificarea amprentelor proprii prin intermediul unei aplica\u021bii pe un dispozitiv mobil sau pe PC \u0219i imprimarea acestora pe diverse suprafe\u021be.<\/p>\n<p><a class=\"single_add_to_cart_button button alt\" href=\"https:\/\/online.colop.ro\/produse\/colop-e-mark\/colop-e-mark.html\" target=\"_blank\" rel=\"noopener noreferrer\"><strong>Cump\u0103r\u0103 online<\/strong><\/a><\/p>\n<\/div>\n","protected":false},"featured_media":34089,"template":"","meta":[],"product_cat":[408,234,98],"product_tag":[],"_links":{"self":[{"href":"https:\/\/newonline.colop.ro\/index.php?rest_route=\/wp\/v2\/product\/33515"}],"collection":[{"href":"https:\/\/newonline.colop.ro\/index.php?rest_route=\/wp\/v2\/product"}],"about":[{"href":"https:\/\/newonline.colop.ro\/index.php?rest_route=\/wp\/v2\/types\/product"}],"version-history":[{"count":0,"href":"https:\/\/newonline.colop.ro\/index.php?rest_route=\/wp\/v2\/product\/33515\/revisions"}],"wp:featuredmedia":[{"embeddable":true,"href":"https:\/\/newonline.colop.ro\/index.php?rest_route=\/wp\/v2\/media\/34089"}],"wp:attachment":[{"href":"https:\/\/newonline.colop.ro\/index.php?rest_route=%2Fwp%2Fv2%2Fmedia&parent=33515"}],"wp:term":[{"taxonomy":"product_cat","embeddable":true,"href":"https:\/\/newonline.colop.ro\/index.php?rest_route=%2Fwp%2Fv2%2Fproduct_cat&post=33515"},{"taxonomy":"product_tag","embeddable":true,"href":"https:\/\/newonline.colop.ro\/index.php?rest_route=%2Fwp%2Fv2%2Fproduct_tag&post=33515"}],"curies":[{"name":"wp","href":"https:\/\/api.w.org\/{rel}","templated":true}]}}