{"id":33507,"date":"2024-05-09T18:53:57","date_gmt":"2024-05-09T16:53:57","guid":{"rendered":"https:\/\/online.colop.ro\/web2023\/?post_type=product&#038;p=33507"},"modified":"2025-10-21T13:17:12","modified_gmt":"2025-10-21T11:17:12","slug":"printer-r-30","status":"publish","type":"product","link":"https:\/\/newonline.colop.ro\/?product=printer-r-30","title":{"rendered":"\u0218tampil\u0103 Printer R30"},"content":{"rendered":"<p>\u0218tampila Printer R30 este una dintre cele mai populare \u0219tampile rotunde. Este preferat\u0103 de multe companii \u0219i institu\u021bii datorit\u0103 fiabilit\u0103\u021bii sale \u0219i a dimensiunii compacte.<\/p>\n<h4>Cine folose\u0219te \u0219tampila Printer R30?<\/h4>\n<p>Modelul Printer R30 este utilizat de o gam\u0103 larg\u0103 de firme \u0219i organiza\u021bii pentru autentificarea documentelor oficiale, facturilor \u0219i contractelor cu logo \u0219i informa\u021bii de identificare.<\/p>\n<h4>Culori diverse pentru stilul t\u0103u personal<\/h4>\n<p>\u0218tampila Printer R30 este disponibil\u0103 \u00een mai multe combina\u021bii de culori pentru suportul din plastic \u0219i tu\u0219ier\u0103, oferind astfel posibilitatea de a lege o variant\u0103 care s\u0103 se potriveasc\u0103 stilului personal sau identit\u0103\u021bii vizuale a companiei. Aceste op\u021biuni fac ca \u0219tampila s\u0103 nu fie doar func\u021bional\u0103, ci \u0219i un accesoriu vizual pl\u0103cut, adaptat preferin\u021belor utilizatorului.<\/p>\n","protected":false},"excerpt":{"rendered":"<p>\u0218tampila Printer R30 este una dintre cele mai populare \u0219tampile rotunde \u0219i este utilizat\u0103 de o gam\u0103 larg\u0103 de firme \u0219i organiza\u021bii pentru autentificarea documentelor oficiale<\/p>\n<p>&nbsp;<\/p>\n<table class=\"product-atributes-table\" border=\"0\" width=\"100%\">\n<tbody>\n<tr>\n<td align=\"left\" valign=\"middle\"><\/td>\n<td align=\"right\" valign=\"middle\"><\/td>\n<\/tr>\n<tr>\n<td colspan=\"2\"><strong>Informa\u021bii produs<\/strong><\/td>\n<\/tr>\n<tr>\n<td align=\"left\" valign=\"middle\">Dimensiune amprent\u0103:<\/td>\n<td align=\"right\" valign=\"middle\">\u00d8 30 mm<\/td>\n<\/tr>\n<tr>\n<td align=\"left\" valign=\"middle\"><span class=\"product-attributes-text\">Num\u0103r de linii:<\/span><\/td>\n<td align=\"right\" valign=\"middle\">5<\/td>\n<\/tr>\n<tr>\n<td align=\"left\" valign=\"middle\"><span class=\"product-attributes-text\">Tu\u0219ier\u0103:<\/span><\/td>\n<td align=\"right\" valign=\"middle\">E\/R30<\/td>\n<\/tr>\n<tr>\n<td align=\"left\" valign=\"middle\"><span class=\"product-attributes-text\">Tu\u0219ier\u0103 bicolor\u0103 op\u021bional\u0103:<\/span><\/td>\n<td align=\"right\" valign=\"middle\">E\/R30\/2<\/td>\n<\/tr>\n<\/tbody>\n<\/table>\n<p>&nbsp;<\/p>\n<p><img decoding=\"async\" class=\"alignnone size-full wp-image-17048\" src=\"https:\/\/online.colop.ro\/wp-content\/uploads\/2020\/09\/imprints_printer_R30.jpg\" alt=\"\" width=\"79\" height=\"79\" srcset=\"https:\/\/newonline.colop.ro\/wp-content\/uploads\/2020\/09\/imprints_printer_R30.jpg 79w, https:\/\/newonline.colop.ro\/wp-content\/uploads\/2020\/09\/imprints_printer_R30-32x32.jpg 32w\" sizes=\"(max-width: 79px) 100vw, 79px\" \/><\/p>\n<p>&nbsp;<\/p>\n<p><a class=\"single_add_to_cart_button button alt\" href=\"https:\/\/online.colop.ro\/produse\/stampile-placuta-text-personalizata\/stampile-cu-text\/printer-line\/printer-r-30.html\" target=\"_blank\" rel=\"noopener noreferrer\"><strong>Cump\u0103r\u0103 online<\/strong><\/a><\/p>\n","protected":false},"featured_media":33520,"template":"","meta":[],"product_cat":[245,81],"product_tag":[],"_links":{"self":[{"href":"https:\/\/newonline.colop.ro\/index.php?rest_route=\/wp\/v2\/product\/33507"}],"collection":[{"href":"https:\/\/newonline.colop.ro\/index.php?rest_route=\/wp\/v2\/product"}],"about":[{"href":"https:\/\/newonline.colop.ro\/index.php?rest_route=\/wp\/v2\/types\/product"}],"version-history":[{"count":2,"href":"https:\/\/newonline.colop.ro\/index.php?rest_route=\/wp\/v2\/product\/33507\/revisions"}],"predecessor-version":[{"id":40328,"href":"https:\/\/newonline.colop.ro\/index.php?rest_route=\/wp\/v2\/product\/33507\/revisions\/40328"}],"wp:featuredmedia":[{"embeddable":true,"href":"https:\/\/newonline.colop.ro\/index.php?rest_route=\/wp\/v2\/media\/33520"}],"wp:attachment":[{"href":"https:\/\/newonline.colop.ro\/index.php?rest_route=%2Fwp%2Fv2%2Fmedia&parent=33507"}],"wp:term":[{"taxonomy":"product_cat","embeddable":true,"href":"https:\/\/newonline.colop.ro\/index.php?rest_route=%2Fwp%2Fv2%2Fproduct_cat&post=33507"},{"taxonomy":"product_tag","embeddable":true,"href":"https:\/\/newonline.colop.ro\/index.php?rest_route=%2Fwp%2Fv2%2Fproduct_tag&post=33507"}],"curies":[{"name":"wp","href":"https:\/\/api.w.org\/{rel}","templated":true}]}}