{"id":33477,"date":"2024-05-09T18:53:52","date_gmt":"2024-05-09T16:53:52","guid":{"rendered":"https:\/\/online.colop.ro\/web2023\/?post_type=product&#038;p=33477"},"modified":"2025-07-31T22:33:41","modified_gmt":"2025-07-31T20:33:41","slug":"stampila-eos-30","status":"publish","type":"product","link":"https:\/\/newonline.colop.ro\/?product=stampila-eos-30","title":{"rendered":"\u0218tampil\u0103 EOS 30"},"content":{"rendered":"<p><strong>\u0218tampila EOS 20<\/strong> este o \u0219tampil\u0103 autotu\u0219ant\u0103 cu dimensiuni clasice, a c\u0103rei amprent\u0103 este personalizat\u0103 prin<strong> tehnologia flash. <\/strong>Acest lucru determin\u0103 o mai mare acurate\u021be \u0219i claritate, f\u0103c\u00e2nd ca aceast\u0103 \u0219tampil\u0103 s\u0103 fie ideal\u0103 pentru elementele vizuale complexe, cu detalii fine.<\/p>\n<p>Datorit\u0103 dimensiunii sale reduse \u0219i a mecanismului fiabil, aceast\u0103 \u0219tampil\u0103 este perfect\u0103 pentru aplicarea clar\u0103 a <strong data-start=\"376\" data-end=\"432\">textului sau altor informa\u021bii esen\u021biale<\/strong> pe documente.<\/p>\n<p>&nbsp;<\/p>\n<h4><strong>Caracteristici principale:<\/strong><\/h4>\n<ul>\n<li><strong data-start=\"246\" data-end=\"277\">Dimensiunea ideal\u0103<\/strong> \u2013 Amprenta de 51 x 18 mm poate fi personalizat\u0103 cu logo \u0219i text de p\u00e2n\u0103 la 5-6 r\u00e2nduri<\/li>\n<li><strong data-start=\"356\" data-end=\"381\" data-is-only-node=\"\">Claritate \u0219i precizie<\/strong> \u2013 ofer\u0103 o amprent\u0103 detaliat\u0103<\/li>\n<li><strong>Durabilitate<\/strong> &#8211; \u0218tampilele EOS sunt durabile \u00een timp, rezist\u00e2nd p\u00e2n\u0103 la 1500-2000 de amprent\u0103ri cu tu\u0219area ini\u021bial\u0103<\/li>\n<li><strong>Re\u00eenc\u0103rcare<\/strong> &#8211; \u0218tampilele EOS pot fi \u00eenc\u0103rcate rapid \u0219i economic, folosind <strong><a href=\"https:\/\/online.colop.ro\/produs\/tus-eos\/\" target=\"_blank\" rel=\"noopener\">tu\u0219ul EOS<\/a>, pe baz\u0103 de ulei<\/strong><\/li>\n<\/ul>\n<p>&nbsp;<\/p>\n<div class=\"\">\n<div class=\"description\">\n<h4><strong>Cine folose\u0219te \u0219tampila EOS 30?<\/strong><\/h4>\n<p>Datorit\u0103 dimensiunii sale <strong data-start=\"1039\" data-end=\"1048\">medii<\/strong>, <strong data-start=\"1050\" data-end=\"1060\">EOS 30<\/strong> este o alegere versatil\u0103, potrivit\u0103 at\u00e2t pentru \u0219tampilarea actelor oficiale, c\u00e2t \u0219i pentru utilizare personalizat\u0103. Printre utilizatorii principali se num\u0103r\u0103:<\/p>\n<ul>\n<li><strong>Companii<\/strong>\u00a0\u2013 pentru \u0219tampilarea docmentelor cu datele firmei (denumire, CUI, adres\u0103, num\u0103r de telefon)<\/li>\n<li><strong>Institu\u021bii publice \u0219i administra\u021bie<\/strong>\u00a0\u2013 folosit\u0103 pentru validarea actelor \u0219i documentelor oficiale<\/li>\n<li><strong>Contabili \u0219i economi\u0219ti<\/strong>\u00a0\u2013 pentru semn\u0103turi \u0219i paraf\u0103ri rapide pe facturi \u0219i documente financiare<\/li>\n<li><strong>Avoca\u021bi \u0219i notari<\/strong>\u00a0\u2013 pentru personalizarea contractelor \u0219i documentelor juridice<\/li>\n<li><strong data-start=\"746\" data-end=\"777\">Medici \u0219i cabinete medicale<\/strong>\u00a0\u2013 pentru parafarea re\u021betelor, actelor medicale \u0219i documentelor oficiale<\/li>\n<li><strong data-start=\"1063\" data-end=\"1085\">Magazine \u0219i retail<\/strong>\u00a0\u2013 pentru \u0219tampilarea facturilor \u0219i a bonurilor de garan\u021bie<\/li>\n<\/ul>\n<\/div>\n<\/div>\n<p>Urm\u0103re\u0219te <a href=\"https:\/\/www.youtube.com\/watch?v=mQE2-_20P9U\" target=\"_blank\" rel=\"noopener\">acest videoclip<\/a> pentru a afla mai multe informa\u021bii despre procesul de personalizare \u0219i tu\u0219are a \u0219tampilelor EOS.<\/p>\n","protected":false},"excerpt":{"rendered":"<table class=\"product-atributes-table\" border=\"0\" width=\"100%\">\n<tbody>\n<tr>\n<td align=\"left\" valign=\"middle\"><\/td>\n<td align=\"right\" valign=\"middle\"><\/td>\n<\/tr>\n<tr>\n<td colspan=\"2\"><strong>Informa\u021bii produs<\/strong><\/td>\n<\/tr>\n<tr>\n<td align=\"left\" valign=\"middle\">Dimensiune amprent\u0103:<\/td>\n<td align=\"right\" valign=\"middle\">51 x 18 mm<\/td>\n<\/tr>\n<tr>\n<td align=\"left\" valign=\"middle\"><span class=\"product-attributes-text\">Num\u0103r de linii:<\/span><\/td>\n<td align=\"right\" valign=\"middle\">5<\/td>\n<\/tr>\n<tr>\n<td align=\"left\" valign=\"middle\"><\/td>\n<td align=\"right\" valign=\"middle\"><\/td>\n<\/tr>\n<\/tbody>\n<\/table>\n<p>&nbsp;<\/p>\n<p><img decoding=\"async\" class=\"alignnone size-full wp-image-17536\" src=\"https:\/\/online.colop.ro\/wp-content\/uploads\/2020\/09\/imprints_eos_30.jpg\" alt=\"\" width=\"125\" height=\"44\" \/><\/p>\n<p>&nbsp;<\/p>\n<p><a class=\"single_add_to_cart_button button alt\" href=\"https:\/\/online.colop.ro\/produse\/stampile-eos\/de-birou\/eos-30-kit.html\" target=\"_blank\" rel=\"noopener noreferrer\"><strong>Cump\u0103r\u0103 online<\/strong><\/a><\/p>\n","protected":false},"featured_media":37326,"template":"","meta":[],"product_cat":[285,93],"product_tag":[],"_links":{"self":[{"href":"https:\/\/newonline.colop.ro\/index.php?rest_route=\/wp\/v2\/product\/33477"}],"collection":[{"href":"https:\/\/newonline.colop.ro\/index.php?rest_route=\/wp\/v2\/product"}],"about":[{"href":"https:\/\/newonline.colop.ro\/index.php?rest_route=\/wp\/v2\/types\/product"}],"version-history":[{"count":3,"href":"https:\/\/newonline.colop.ro\/index.php?rest_route=\/wp\/v2\/product\/33477\/revisions"}],"predecessor-version":[{"id":40300,"href":"https:\/\/newonline.colop.ro\/index.php?rest_route=\/wp\/v2\/product\/33477\/revisions\/40300"}],"wp:featuredmedia":[{"embeddable":true,"href":"https:\/\/newonline.colop.ro\/index.php?rest_route=\/wp\/v2\/media\/37326"}],"wp:attachment":[{"href":"https:\/\/newonline.colop.ro\/index.php?rest_route=%2Fwp%2Fv2%2Fmedia&parent=33477"}],"wp:term":[{"taxonomy":"product_cat","embeddable":true,"href":"https:\/\/newonline.colop.ro\/index.php?rest_route=%2Fwp%2Fv2%2Fproduct_cat&post=33477"},{"taxonomy":"product_tag","embeddable":true,"href":"https:\/\/newonline.colop.ro\/index.php?rest_route=%2Fwp%2Fv2%2Fproduct_tag&post=33477"}],"curies":[{"name":"wp","href":"https:\/\/api.w.org\/{rel}","templated":true}]}}