{"id":33472,"date":"2024-05-09T18:53:52","date_gmt":"2024-05-09T16:53:52","guid":{"rendered":"https:\/\/online.colop.ro\/web2023\/?post_type=product&#038;p=33472"},"modified":"2025-07-31T22:33:41","modified_gmt":"2025-07-31T20:33:41","slug":"eos-50","status":"publish","type":"product","link":"https:\/\/newonline.colop.ro\/?product=eos-50","title":{"rendered":"EOS 50"},"content":{"rendered":"<div class=\"\">\n<div class=\"description\">\n<p>\u015etampil\u0103 cu dimensiune ideal\u0103 pentru text \u015fi logo.<\/p>\n<\/div>\n<\/div>\n","protected":false},"excerpt":{"rendered":"<table class=\"product-atributes-table\" border=\"0\" width=\"100%\">\n<tbody>\n<tr>\n<td align=\"left\" valign=\"middle\"><\/td>\n<td align=\"right\" valign=\"middle\"><\/td>\n<\/tr>\n<tr>\n<td colspan=\"2\"><strong>Informa\u021bii produs<\/strong><\/td>\n<\/tr>\n<tr>\n<td align=\"left\" valign=\"middle\">Dimensiune amprent\u0103:<\/td>\n<td align=\"right\" valign=\"middle\">70 x 30 mm<\/td>\n<\/tr>\n<tr>\n<td align=\"left\" valign=\"middle\"><span class=\"product-attributes-text\">Num\u0103r de linii:<\/span><\/td>\n<td align=\"right\" valign=\"middle\">7<\/td>\n<\/tr>\n<tr>\n<td align=\"left\" valign=\"middle\"><\/td>\n<td align=\"right\" valign=\"middle\"><\/td>\n<\/tr>\n<\/tbody>\n<\/table>\n<p>&nbsp;<\/p>\n<p><img decoding=\"async\" class=\"alignnone size-full wp-image-17545\" src=\"https:\/\/online.colop.ro\/wp-content\/uploads\/2020\/09\/imprints_eos_50.jpg\" alt=\"\" width=\"171\" height=\"73\" \/><\/p>\n<p>&nbsp;<\/p>\n<p><a class=\"single_add_to_cart_button button alt\" href=\"https:\/\/online.colop.ro\/produse\/stampile-eos\/de-birou\/eos-50-kit.html\" target=\"_blank\" rel=\"noopener noreferrer\"><strong>Cump\u0103r\u0103 online<\/strong><\/a><\/p>\n<p>&nbsp;<\/p>\n<p>&nbsp;<\/p>\n","protected":false},"featured_media":37324,"template":"","meta":[],"product_cat":[93,285],"product_tag":[],"_links":{"self":[{"href":"https:\/\/newonline.colop.ro\/index.php?rest_route=\/wp\/v2\/product\/33472"}],"collection":[{"href":"https:\/\/newonline.colop.ro\/index.php?rest_route=\/wp\/v2\/product"}],"about":[{"href":"https:\/\/newonline.colop.ro\/index.php?rest_route=\/wp\/v2\/types\/product"}],"version-history":[{"count":2,"href":"https:\/\/newonline.colop.ro\/index.php?rest_route=\/wp\/v2\/product\/33472\/revisions"}],"predecessor-version":[{"id":40169,"href":"https:\/\/newonline.colop.ro\/index.php?rest_route=\/wp\/v2\/product\/33472\/revisions\/40169"}],"wp:featuredmedia":[{"embeddable":true,"href":"https:\/\/newonline.colop.ro\/index.php?rest_route=\/wp\/v2\/media\/37324"}],"wp:attachment":[{"href":"https:\/\/newonline.colop.ro\/index.php?rest_route=%2Fwp%2Fv2%2Fmedia&parent=33472"}],"wp:term":[{"taxonomy":"product_cat","embeddable":true,"href":"https:\/\/newonline.colop.ro\/index.php?rest_route=%2Fwp%2Fv2%2Fproduct_cat&post=33472"},{"taxonomy":"product_tag","embeddable":true,"href":"https:\/\/newonline.colop.ro\/index.php?rest_route=%2Fwp%2Fv2%2Fproduct_tag&post=33472"}],"curies":[{"name":"wp","href":"https:\/\/api.w.org\/{rel}","templated":true}]}}