{"id":33449,"date":"2024-05-09T18:53:39","date_gmt":"2024-05-09T16:53:39","guid":{"rendered":"https:\/\/online.colop.ro\/web2023\/?post_type=product&#038;p=33449"},"modified":"2025-08-20T14:34:27","modified_gmt":"2025-08-20T12:34:27","slug":"printer-20","status":"publish","type":"product","link":"https:\/\/newonline.colop.ro\/?product=printer-20","title":{"rendered":"\u0218tampil\u0103 Printer 20"},"content":{"rendered":"<h4><strong>\u0218tampila Printer 20 \u2013 Compact\u0103 \u0219i u\u0219or de personalizat<\/strong><\/h4>\n<p>Colop Printer 20 este o \u0219tampil\u0103 automat\u0103 de mici dimensiuni, <strong data-start=\"116\" data-end=\"148\">u\u0219or de utilizat<\/strong>, ideal\u0103 pentru medici, asisten\u021bi, birouri \u0219i institu\u021bii care au nevoie de un instrument de marcare rapid \u0219i precis. Datorit\u0103 dimensiunii sale reduse \u0219i a mecanismului fiabil, aceast\u0103 \u0219tampil\u0103 este perfect\u0103 pentru aplicarea clar\u0103 a <strong data-start=\"376\" data-end=\"432\">textului, logo-urilor sau altor informa\u021bii esen\u021biale<\/strong> pe documente.<\/p>\n<p>&nbsp;<\/p>\n<h4><strong>Caracteristici principale:<\/strong><\/h4>\n<p>&nbsp;<\/p>\n<ul>\n<li><strong>Dimensiune optim\u0103<\/strong> \u2013 suprafa\u021b\u0103 de \u0219tampilare de 38 x 14 mm, potrivit\u0103 pentru 3-4 r\u00e2nduri de text<\/li>\n<li><strong>Mecanism automat<\/strong>\u00a0\u2013 datorit\u0103 tu\u0219ierei incluse \u00een suport tu\u0219ul se aplic\u0103 uniform la fiecare \u0219tampilare<\/li>\n<li><strong>Zon\u0103 special\u0103 pentru ImageCard<\/strong>\u00a0\u2013 spa\u021biul din partea superioar\u0103 a \u0219tampilei poate fi personalizat cu u\u0219urin\u021b\u0103\u00a0<a href=\"https:\/\/www.colop.com\/en_eur\/traditional-stamps\/personalisation\/printer-imagecard-designer\" target=\"_blank\" rel=\"noopener\">aici<\/a><\/li>\n<li><strong>Design modern \u0219i ergonomic<\/strong>\u00a0\u2013 u\u0219or de utilizat \u0219i rezistent \u00een timp<\/li>\n<\/ul>\n<p>&nbsp;<\/p>\n<h4><strong>Cine folose\u0219te COLOP Printer 20?<\/strong><\/h4>\n<ul>\n<li><strong>Companii<\/strong>\u00a0\u2013 pentru \u0219tampilarea docmentelor cu datele firmei (denumire, CUI, adres\u0103, num\u0103r de telefon)<\/li>\n<li><strong>Institu\u021bii publice \u0219i administra\u021bie<\/strong>\u00a0\u2013 folosit\u0103 pentru validarea actelor \u0219i documentelor oficiale<\/li>\n<li><strong>Contabili \u0219i economi\u0219ti<\/strong>\u00a0\u2013 pentru semn\u0103turi \u0219i paraf\u0103ri rapide pe facturi \u0219i documente financiare<\/li>\n<li><strong>Avoca\u021bi \u0219i notari<\/strong>\u00a0\u2013 pentru personalizarea contractelor \u0219i documentelor juridice<\/li>\n<li><strong data-start=\"746\" data-end=\"777\">Medici \u0219i cabinete medicale<\/strong>\u00a0\u2013 pentru parafarea re\u021betelor, actelor medicale \u0219i documentelor oficiale<\/li>\n<li><strong data-start=\"1063\" data-end=\"1085\">Magazine \u0219i retail<\/strong>\u00a0\u2013 pentru \u0219tampilarea facturilor \u0219i a bonurilor de garan\u021bie<\/li>\n<\/ul>\n","protected":false},"excerpt":{"rendered":"<table class=\"product-atributes-table\" border=\"0\" width=\"100%\">\n<tbody>\n<tr>\n<td align=\"left\" valign=\"middle\"><\/td>\n<td align=\"right\" valign=\"middle\"><\/td>\n<\/tr>\n<tr>\n<td colspan=\"2\"><strong>Informa\u021bii produs<\/strong><\/td>\n<\/tr>\n<tr>\n<td align=\"left\" valign=\"middle\">Dimensiune amprent\u0103:<\/td>\n<td align=\"right\" valign=\"middle\">38 x 14 mm<\/td>\n<\/tr>\n<tr>\n<td align=\"left\" valign=\"middle\"><span class=\"product-attributes-text\">Num\u0103r de linii:<\/span><\/td>\n<td align=\"right\" valign=\"middle\">4<\/td>\n<\/tr>\n<tr>\n<td align=\"left\" valign=\"middle\"><span class=\"product-attributes-text\">Tu\u0219ier\u0103:<\/span><\/td>\n<td align=\"right\" valign=\"middle\">E\/20<\/td>\n<\/tr>\n<tr>\n<td align=\"left\" valign=\"middle\"><\/td>\n<td align=\"right\" valign=\"middle\"><\/td>\n<\/tr>\n<\/tbody>\n<\/table>\n<p>&nbsp;<\/p>\n<p><img decoding=\"async\" class=\"alignnone size-medium wp-image-16568\" src=\"https:\/\/online.colop.ro\/wp-content\/uploads\/2020\/09\/imprint_printer_20-300x111.png\" alt=\"\" width=\"143\" srcset=\"https:\/\/newonline.colop.ro\/wp-content\/uploads\/2020\/09\/imprint_printer_20-300x111.png 300w, https:\/\/newonline.colop.ro\/wp-content\/uploads\/2020\/09\/imprint_printer_20.png 450w\" sizes=\"(max-width: 300px) 100vw, 300px\" \/><\/p>\n<p><img decoding=\"async\" class=\"alignnone size-full wp-image-16007\" src=\"https:\/\/online.colop.ro\/wp-content\/uploads\/2020\/06\/imagecards.png\" alt=\"\" width=\"188\" height=\"87\" \/><\/p>\n<p><a class=\"single_add_to_cart_button button alt\" href=\"https:\/\/online.colop.ro\/produse\/stampile-firma\/de-birou\/new-printer-20.html\" target=\"_blank\" rel=\"noopener noreferrer\"><strong>Cump\u0103r\u0103 online<\/strong><\/a><\/p>\n","protected":false},"featured_media":34759,"template":"","meta":[],"product_cat":[81,91,232],"product_tag":[],"_links":{"self":[{"href":"https:\/\/newonline.colop.ro\/index.php?rest_route=\/wp\/v2\/product\/33449"}],"collection":[{"href":"https:\/\/newonline.colop.ro\/index.php?rest_route=\/wp\/v2\/product"}],"about":[{"href":"https:\/\/newonline.colop.ro\/index.php?rest_route=\/wp\/v2\/types\/product"}],"version-history":[{"count":4,"href":"https:\/\/newonline.colop.ro\/index.php?rest_route=\/wp\/v2\/product\/33449\/revisions"}],"predecessor-version":[{"id":40265,"href":"https:\/\/newonline.colop.ro\/index.php?rest_route=\/wp\/v2\/product\/33449\/revisions\/40265"}],"wp:featuredmedia":[{"embeddable":true,"href":"https:\/\/newonline.colop.ro\/index.php?rest_route=\/wp\/v2\/media\/34759"}],"wp:attachment":[{"href":"https:\/\/newonline.colop.ro\/index.php?rest_route=%2Fwp%2Fv2%2Fmedia&parent=33449"}],"wp:term":[{"taxonomy":"product_cat","embeddable":true,"href":"https:\/\/newonline.colop.ro\/index.php?rest_route=%2Fwp%2Fv2%2Fproduct_cat&post=33449"},{"taxonomy":"product_tag","embeddable":true,"href":"https:\/\/newonline.colop.ro\/index.php?rest_route=%2Fwp%2Fv2%2Fproduct_tag&post=33449"}],"curies":[{"name":"wp","href":"https:\/\/api.w.org\/{rel}","templated":true}]}}