{"id":33444,"date":"2024-05-09T18:53:39","date_gmt":"2024-05-09T16:53:39","guid":{"rendered":"https:\/\/online.colop.ro\/web2023\/?post_type=product&#038;p=33444"},"modified":"2025-07-31T22:40:12","modified_gmt":"2025-07-31T20:40:12","slug":"printer-40","status":"publish","type":"product","link":"https:\/\/newonline.colop.ro\/?product=printer-40","title":{"rendered":"\u0218tampil\u0103 Printer 40"},"content":{"rendered":"<h4><strong>\u0218tampila Printer 40 \u2013 Fiabil\u0103 \u0219i versatil\u0103<\/strong><\/h4>\n<p>Colop Printer 40 este o \u0219tampil\u0103 automat\u0103 de dimensiuni medii, perfect\u0103 pentru birouri, institu\u021bii \u0219i profesioni\u0219ti care au nevoie de o imprimare clar\u0103 \u0219i eficient\u0103 pe documente. Datorit\u0103 suprafe\u021bei sale generoase de \u0219tampilare, permite personalizarea cu <strong data-start=\"328\" data-end=\"372\">text, logo sau alte informa\u021bii esen\u021biale<\/strong>.<\/p>\n<p>&nbsp;<\/p>\n<h4><strong>Caracteristici principale:<\/strong><\/h4>\n<p>&nbsp;<\/p>\n<ul>\n<li><strong>Dimensiune optim\u0103<\/strong> \u2013 suprafa\u021b\u0103 de \u0219tampilare de 59 x 23 mm, potrivit\u0103 pentru 5-6 r\u00e2nduri de text<\/li>\n<li><strong>Mecanism automat<\/strong>\u00a0\u2013 datorit\u0103 tu\u0219ierei incluse \u00een suport tu\u0219ul se aplic\u0103 uniform la fiecare \u0219tampilare<\/li>\n<li><strong>Zon\u0103 special\u0103 pentru ImageCard<\/strong>\u00a0\u2013 spa\u021biul din partea superioar\u0103 a \u0219tampilei poate fi personalizat cu u\u0219urin\u021b\u0103\u00a0<a href=\"https:\/\/www.colop.com\/en_eur\/traditional-stamps\/personalisation\/printer-imagecard-designer\" target=\"_blank\" rel=\"noopener\">aici<\/a><\/li>\n<li><strong>Design modern \u0219i ergonomic<\/strong>\u00a0\u2013 u\u0219or de utilizat \u0219i rezistent \u00een timp<\/li>\n<\/ul>\n<p>&nbsp;<\/p>\n<h4><strong>Cine folose\u0219te COLOP Printer 40?<\/strong><\/h4>\n<ul>\n<li><strong data-start=\"315\" data-end=\"353\">Companii \u0219i birouri administrative<\/strong> \u2013 pentru \u0219tampilarea documentelor cu datele firmei (CUI, adres\u0103, telefon, email)<\/li>\n<li><strong data-start=\"439\" data-end=\"475\">Institu\u021bii publice \u0219i autorit\u0103\u021bi<\/strong> \u2013 pentru validarea actelor \u0219i documentelor oficiale<\/li>\n<li><strong data-start=\"532\" data-end=\"567\">Contabili \u0219i exper\u021bi financiari<\/strong> \u2013 folosit\u0103 pe facturi, contracte \u0219i documente fiscale<\/li>\n<li><strong data-start=\"626\" data-end=\"647\">Avoca\u021bi \u0219i notari<\/strong> \u2013 pentru autentificarea documentelor juridice \u0219i contractelor<\/li>\n<li><strong data-start=\"811\" data-end=\"852\">Profesori \u0219i institu\u021bii de \u00eenv\u0103\u021b\u0103m\u00e2nt<\/strong> \u2013 pentru \u0219tampilarea certificatelor \u0219i documentelor \u0219colare<\/li>\n<li><strong data-start=\"1021\" data-end=\"1043\">Magazine \u0219i retail<\/strong> \u2013 pentru facturi, garan\u021bii \u0219i documente comerciale<\/li>\n<li><strong data-start=\"1099\" data-end=\"1135\">Freelanceri, PFA \u0219i mici afaceri<\/strong> \u2013 pentru personalizarea documentelor oficiale<\/li>\n<\/ul>\n","protected":false},"excerpt":{"rendered":"<table class=\"product-atributes-table\" border=\"0\" width=\"100%\">\n<tbody>\n<tr>\n<td align=\"left\" valign=\"middle\"><\/td>\n<td align=\"right\" valign=\"middle\"><\/td>\n<\/tr>\n<tr>\n<td colspan=\"2\"><strong>Informa\u021bii produs<\/strong><\/td>\n<\/tr>\n<tr>\n<td align=\"left\" valign=\"middle\">Dimensiune amprent\u0103:<\/td>\n<td align=\"right\" valign=\"middle\">59 x 23 mm<\/td>\n<\/tr>\n<tr>\n<td align=\"left\" valign=\"middle\"><span class=\"product-attributes-text\">Num\u0103r de linii:<\/span><\/td>\n<td align=\"right\" valign=\"middle\">6<\/td>\n<\/tr>\n<tr>\n<td align=\"left\" valign=\"middle\"><span class=\"product-attributes-text\">Tu\u0219ier\u0103:<\/span><\/td>\n<td align=\"right\" valign=\"middle\">E\/40<\/td>\n<\/tr>\n<tr>\n<td align=\"left\" valign=\"middle\"><\/td>\n<td align=\"right\" valign=\"middle\"><\/td>\n<\/tr>\n<\/tbody>\n<\/table>\n<p>&nbsp;<\/p>\n<p><img decoding=\"async\" class=\"alignnone size-medium wp-image-16566\" src=\"https:\/\/online.colop.ro\/wp-content\/uploads\/2020\/09\/imprint_printer_40-300x117.png\" alt=\"\" width=\"223\" srcset=\"https:\/\/newonline.colop.ro\/wp-content\/uploads\/2020\/09\/imprint_printer_40-300x117.png 300w, https:\/\/newonline.colop.ro\/wp-content\/uploads\/2020\/09\/imprint_printer_40-600x235.png 600w, https:\/\/newonline.colop.ro\/wp-content\/uploads\/2020\/09\/imprint_printer_40.png 695w\" sizes=\"(max-width: 300px) 100vw, 300px\" \/><\/p>\n<p><img decoding=\"async\" class=\"alignnone size-full wp-image-16007\" src=\"https:\/\/online.colop.ro\/wp-content\/uploads\/2020\/06\/imagecards.png\" alt=\"\" width=\"188\" height=\"87\" \/><\/p>\n<p><a class=\"single_add_to_cart_button button alt\" href=\"https:\/\/online.colop.ro\/produse\/stampile-firma\/de-birou\/new-printer-40.html\" target=\"_blank\" rel=\"noopener noreferrer\"><strong>Cump\u0103r\u0103 online<\/strong><\/a><\/p>\n","protected":false},"featured_media":34245,"template":"","meta":[],"product_cat":[81,91,232],"product_tag":[],"_links":{"self":[{"href":"https:\/\/newonline.colop.ro\/index.php?rest_route=\/wp\/v2\/product\/33444"}],"collection":[{"href":"https:\/\/newonline.colop.ro\/index.php?rest_route=\/wp\/v2\/product"}],"about":[{"href":"https:\/\/newonline.colop.ro\/index.php?rest_route=\/wp\/v2\/types\/product"}],"version-history":[{"count":4,"href":"https:\/\/newonline.colop.ro\/index.php?rest_route=\/wp\/v2\/product\/33444\/revisions"}],"predecessor-version":[{"id":40275,"href":"https:\/\/newonline.colop.ro\/index.php?rest_route=\/wp\/v2\/product\/33444\/revisions\/40275"}],"wp:featuredmedia":[{"embeddable":true,"href":"https:\/\/newonline.colop.ro\/index.php?rest_route=\/wp\/v2\/media\/34245"}],"wp:attachment":[{"href":"https:\/\/newonline.colop.ro\/index.php?rest_route=%2Fwp%2Fv2%2Fmedia&parent=33444"}],"wp:term":[{"taxonomy":"product_cat","embeddable":true,"href":"https:\/\/newonline.colop.ro\/index.php?rest_route=%2Fwp%2Fv2%2Fproduct_cat&post=33444"},{"taxonomy":"product_tag","embeddable":true,"href":"https:\/\/newonline.colop.ro\/index.php?rest_route=%2Fwp%2Fv2%2Fproduct_tag&post=33444"}],"curies":[{"name":"wp","href":"https:\/\/api.w.org\/{rel}","templated":true}]}}