{"id":33434,"date":"2024-05-09T18:53:38","date_gmt":"2024-05-09T16:53:38","guid":{"rendered":"https:\/\/online.colop.ro\/web2023\/?post_type=product&#038;p=33434"},"modified":"2025-07-31T22:40:11","modified_gmt":"2025-07-31T20:40:11","slug":"printer-60","status":"publish","type":"product","link":"https:\/\/newonline.colop.ro\/?product=printer-60","title":{"rendered":"Printer 60"},"content":{"rendered":"<p>Un aspect important \u00eel reprezint\u0103 posibilitatea de a personaliza ImageCard-ul de mari dimensiuni. Personalizarea poate fi f\u0103cut\u0103 cu u\u0219urin\u021b\u0103 folosind ca ImageCard<sup>TM\u00a0<\/sup>h\u00e2rtie imprimat\u0103 pe propria imprimant\u0103. Acest lucru face fiecare \u0219tampil\u0103 unic\u0103, a\u0219a cum este \u0219i utilizatorul ei. Pute\u021bi s\u0103 v\u0103 personaliza\u021bi ImageCard-urile cu fotografii, QR coduri, logo-ul companiei, text sau desene.<\/p>\n","protected":false},"excerpt":{"rendered":"<table class=\"product-atributes-table\" border=\"0\" width=\"100%\">\n<tbody>\n<tr>\n<td align=\"left\" valign=\"middle\"><\/td>\n<td align=\"right\" valign=\"middle\"><\/td>\n<\/tr>\n<tr>\n<td colspan=\"2\"><strong>Informa\u021bii produs<\/strong><\/td>\n<\/tr>\n<tr>\n<td align=\"left\" valign=\"middle\">Dimensiune amprent\u0103:<\/td>\n<td align=\"right\" valign=\"middle\">76 x 37 mm<\/td>\n<\/tr>\n<tr>\n<td align=\"left\" valign=\"middle\"><span class=\"product-attributes-text\">Num\u0103r de linii:<\/span><\/td>\n<td align=\"right\" valign=\"middle\">8<\/td>\n<\/tr>\n<tr>\n<td align=\"left\" valign=\"middle\"><span class=\"product-attributes-text\">Tu\u0219ier\u0103:<\/span><\/td>\n<td align=\"right\" valign=\"middle\">E\/60<\/td>\n<\/tr>\n<tr>\n<td align=\"left\" valign=\"middle\"><\/td>\n<td align=\"right\" valign=\"middle\"><\/td>\n<\/tr>\n<\/tbody>\n<\/table>\n<p>&nbsp;<\/p>\n<p><img decoding=\"async\" class=\"alignnone size-medium wp-image-16564\" src=\"https:\/\/online.colop.ro\/wp-content\/uploads\/2020\/09\/imprint_printer_60-300x146.png\" alt=\"\" width=\"287\" srcset=\"https:\/\/newonline.colop.ro\/wp-content\/uploads\/2020\/09\/imprint_printer_60-300x146.png 300w, https:\/\/newonline.colop.ro\/wp-content\/uploads\/2020\/09\/imprint_printer_60-768x374.png 768w, https:\/\/newonline.colop.ro\/wp-content\/uploads\/2020\/09\/imprint_printer_60-600x292.png 600w, https:\/\/newonline.colop.ro\/wp-content\/uploads\/2020\/09\/imprint_printer_60.png 898w\" sizes=\"(max-width: 300px) 100vw, 300px\" \/><\/p>\n<p><img decoding=\"async\" class=\"alignnone size-full wp-image-16007\" src=\"https:\/\/online.colop.ro\/wp-content\/uploads\/2020\/06\/imagecards.png\" alt=\"\" width=\"188\" height=\"87\" \/><\/p>\n<p><a class=\"single_add_to_cart_button button alt\" href=\"https:\/\/online.colop.ro\/produse\/stampile-firma\/de-birou\/new-printer-60.html\" target=\"_blank\" rel=\"noopener noreferrer\"><strong>Cump\u0103r\u0103 online<\/strong><\/a><\/p>\n","protected":false},"featured_media":37452,"template":"","meta":[],"product_cat":[81,91,232],"product_tag":[],"_links":{"self":[{"href":"https:\/\/newonline.colop.ro\/index.php?rest_route=\/wp\/v2\/product\/33434"}],"collection":[{"href":"https:\/\/newonline.colop.ro\/index.php?rest_route=\/wp\/v2\/product"}],"about":[{"href":"https:\/\/newonline.colop.ro\/index.php?rest_route=\/wp\/v2\/types\/product"}],"version-history":[{"count":1,"href":"https:\/\/newonline.colop.ro\/index.php?rest_route=\/wp\/v2\/product\/33434\/revisions"}],"predecessor-version":[{"id":39659,"href":"https:\/\/newonline.colop.ro\/index.php?rest_route=\/wp\/v2\/product\/33434\/revisions\/39659"}],"wp:featuredmedia":[{"embeddable":true,"href":"https:\/\/newonline.colop.ro\/index.php?rest_route=\/wp\/v2\/media\/37452"}],"wp:attachment":[{"href":"https:\/\/newonline.colop.ro\/index.php?rest_route=%2Fwp%2Fv2%2Fmedia&parent=33434"}],"wp:term":[{"taxonomy":"product_cat","embeddable":true,"href":"https:\/\/newonline.colop.ro\/index.php?rest_route=%2Fwp%2Fv2%2Fproduct_cat&post=33434"},{"taxonomy":"product_tag","embeddable":true,"href":"https:\/\/newonline.colop.ro\/index.php?rest_route=%2Fwp%2Fv2%2Fproduct_tag&post=33434"}],"curies":[{"name":"wp","href":"https:\/\/api.w.org\/{rel}","templated":true}]}}