{"id":33292,"date":"2024-05-09T18:52:58","date_gmt":"2024-05-09T16:52:58","guid":{"rendered":"https:\/\/online.colop.ro\/web2023\/?post_type=product&#038;p=33292"},"modified":"2025-08-20T14:34:28","modified_gmt":"2025-08-20T12:34:28","slug":"mini-datiera-s-160","status":"publish","type":"product","link":"https:\/\/newonline.colop.ro\/?product=mini-datiera-s-160","title":{"rendered":"Mini Datiera S 160"},"content":{"rendered":"<div class=\"\">\n<div class=\"description\">\n<div class=\"\">\n<div class=\"description\">\n<div class=\"\">\n<div class=\"description\">\n<div class=\"\">\n<div class=\"description\">\n<div class=\"\">\n<div class=\"description\">\n<div class=\"\">\n<div class=\"description\">\n<div class=\"\">\n<div class=\"description\">\n<div class=\"\">\n<div class=\"description\">\n<div class=\"\">\n<div class=\"description\">\n<div class=\"\">\n<div class=\"description\">\n<div class=\"\">\n<div class=\"description\">\n<div class=\"\">\n<div class=\"description\">\n<div class=\"\">\n<div class=\"description\">\n<p class=\"\" data-start=\"203\" data-end=\"618\"><strong data-start=\"203\" data-end=\"228\">Mini Datiera COLOP S160<\/strong> este o \u0219tampil\u0103 autotu\u015fant\u0103 compact\u0103 \u0219i eficient\u0103, ideal\u0103 pentru utilizare \u00een birouri, institu\u021bii financiare sau orice mediu \u00een care datarea documentelor este esen\u021bial\u0103. Cu un design ergonomic \u0219i dimensiuni reduse, acest model ofer\u0103 \u0219i <strong data-start=\"464\" data-end=\"501\">un spa\u021biu dedicat pentru amprent\u0103<\/strong>, astfel \u00eenc\u00e2t po\u021bi ad\u0103uga un text personalizat, perfect pentru identificarea documentelor.<\/p>\n<\/div>\n<p class=\"\" data-start=\"458\" data-end=\"488\"><strong data-start=\"458\" data-end=\"488\">Caracteristici principale:<\/strong><\/p>\n<ul data-start=\"490\" data-end=\"936\">\n<li class=\"\" data-start=\"490\" data-end=\"546\">\n<p class=\"\" data-start=\"492\" data-end=\"546\"><strong data-start=\"492\" data-end=\"508\">Format dat\u0103:<\/strong> <span class=\"relative -mx-px my-[-0.2rem] rounded px-px py-[0.2rem] transition-colors duration-100 ease-in-out\">zi\/lun\u0103\/an (ex: 12 APR 2025)<\/span><\/p>\n<\/li>\n<li class=\"\" data-start=\"547\" data-end=\"581\">\n<p class=\"\" data-start=\"549\" data-end=\"581\"><strong data-start=\"549\" data-end=\"576\">\u00cen\u0103l\u021bimea caracterelor:<\/strong> 4 mm<\/p>\n<\/li>\n<li class=\"\" data-start=\"582\" data-end=\"647\">\n<p class=\"\" data-start=\"584\" data-end=\"647\"><strong data-start=\"584\" data-end=\"609\">Durata benzii de ani:<\/strong> <span class=\"relative -mx-px my-[-0.2rem] rounded px-px py-[0.2rem] transition-colors duration-100 ease-in-out\">valabil\u0103 pentru 12 ani<\/span><\/p>\n<\/li>\n<li class=\"\" data-start=\"648\" data-end=\"712\">\n<p class=\"\" data-start=\"650\" data-end=\"712\"><strong data-start=\"650\" data-end=\"674\">Dimensiune amprent\u0103:<\/strong> <span class=\"relative -mx-px my-[-0.2rem] rounded px-px py-[0.2rem] transition-colors duration-100 ease-in-out\">aproximativ 25 x 5 mm<\/span><\/p>\n<\/li>\n<li class=\"\" data-start=\"713\" data-end=\"777\">\n<p class=\"\" data-start=\"715\" data-end=\"777\"><strong data-start=\"715\" data-end=\"739\">Mecanism autotu\u015fant:<\/strong> <span class=\"relative -mx-px my-[-0.2rem] rounded px-px py-[0.2rem] transition-colors duration-100 ease-in-out\">tu\u0219ier\u0103 integrat\u0103, u\u0219or de utilizat<\/span><\/p>\n<\/li>\n<li class=\"\" data-start=\"839\" data-end=\"936\">\n<p class=\"\" data-start=\"841\" data-end=\"936\"><strong data-start=\"841\" data-end=\"854\">Material:<\/strong> <span class=\"relative -mx-px my-[-0.2rem] rounded px-px py-[0.2rem] transition-colors duration-100 ease-in-out\">plastic durabil<\/span><\/p>\n<\/li>\n<\/ul>\n<p class=\"\" data-start=\"938\" data-end=\"961\"><strong data-start=\"938\" data-end=\"961\">Recomandat\u0103m Mini datiera S160 pentru:<\/strong><\/p>\n<ul data-start=\"963\" data-end=\"1134\">\n<li class=\"\" data-start=\"963\" data-end=\"1004\">\n<p class=\"\" data-start=\"965\" data-end=\"1004\"><span class=\"relative -mx-px my-[-0.2rem] rounded px-px py-[0.2rem] transition-colors duration-100 ease-in-out\">Numerotarea \u0219i datarea documentelor oficiale<\/span><\/p>\n<\/li>\n<li class=\"\" data-start=\"1005\" data-end=\"1046\">\n<p class=\"\" data-start=\"1007\" data-end=\"1046\"><span class=\"relative -mx-px my-[-0.2rem] rounded px-px py-[0.2rem] transition-colors duration-100 ease-in-out\">Gestionarea arhivelor \u0219i a coresponden\u021bei<\/span><\/p>\n<\/li>\n<li class=\"\" data-start=\"1047\" data-end=\"1134\">\n<p class=\"\" data-start=\"1049\" data-end=\"1134\"><span class=\"relative -mx-px my-[-0.2rem] rounded px-px py-[0.2rem] transition-colors duration-100 ease-in-out\">Utilizare \u00een departamente administrative, financiare sau logistice<\/span>\u200b<\/p>\n<\/li>\n<\/ul>\n<\/div>\n<\/div>\n<\/div>\n<\/div>\n<\/div>\n<\/div>\n<\/div>\n<\/div>\n<\/div>\n<\/div>\n<\/div>\n<\/div>\n<\/div>\n<\/div>\n<\/div>\n<\/div>\n<\/div>\n<\/div>\n<\/div>\n<\/div>\n<\/div>\n<\/div>\n<\/div>\n<\/div>\n<\/div>\n","protected":false},"excerpt":{"rendered":"<table class=\"product-atributes-table\" border=\"0\" width=\"100%\">\n<tbody>\n<tr>\n<td align=\"left\" valign=\"middle\"><\/td>\n<td align=\"right\" valign=\"middle\"><\/td>\n<\/tr>\n<tr>\n<td colspan=\"2\"><strong>Informa\u021bii produs<\/strong><\/td>\n<\/tr>\n<tr>\n<td align=\"left\" valign=\"middle\">Dimensiune amprent\u0103:<\/td>\n<td align=\"right\" valign=\"middle\">25 x 5 mm<\/td>\n<\/tr>\n<tr>\n<td align=\"left\" valign=\"middle\"><span class=\"product-attributes-text\">Num\u0103r de linii:<\/span><\/td>\n<td align=\"right\" valign=\"middle\">3<\/td>\n<\/tr>\n<tr>\n<td align=\"left\" valign=\"middle\"><span class=\"product-attributes-text\">\u00cen\u0103l\u021bime dat\u0103:<\/span><\/td>\n<td align=\"right\" valign=\"middle\">4 mm<\/td>\n<\/tr>\n<tr>\n<td align=\"left\" valign=\"middle\"><span class=\"product-attributes-text\">Tu\u0219ier\u0103:<\/span><\/td>\n<td align=\"right\" valign=\"middle\">E\/10<\/td>\n<\/tr>\n<tr>\n<td align=\"left\" valign=\"middle\"><\/td>\n<td align=\"right\" valign=\"middle\"><\/td>\n<\/tr>\n<\/tbody>\n<\/table>\n<p>&nbsp;<\/p>\n<p><img decoding=\"async\" class=\"alignnone size-full wp-image-17125\" src=\"https:\/\/online.colop.ro\/wp-content\/uploads\/2020\/09\/imprints_printer_s160.jpg\" alt=\"\" width=\"66\" height=\"40\" \/><\/p>\n<p>&nbsp;<\/p>\n<p><a class=\"single_add_to_cart_button button alt\" href=\"https:\/\/online.colop.ro\/produse\/stampile-placuta-text-personalizata\/datiere-si-numaratoare\/printer-line\/s-160-date-stamp.html\" target=\"_blank\" rel=\"noopener noreferrer\"><strong>Cump\u0103r\u0103 online<\/strong><\/a><\/p>\n","protected":false},"featured_media":35394,"template":"","meta":[],"product_cat":[251,81],"product_tag":[],"_links":{"self":[{"href":"https:\/\/newonline.colop.ro\/index.php?rest_route=\/wp\/v2\/product\/33292"}],"collection":[{"href":"https:\/\/newonline.colop.ro\/index.php?rest_route=\/wp\/v2\/product"}],"about":[{"href":"https:\/\/newonline.colop.ro\/index.php?rest_route=\/wp\/v2\/types\/product"}],"version-history":[{"count":3,"href":"https:\/\/newonline.colop.ro\/index.php?rest_route=\/wp\/v2\/product\/33292\/revisions"}],"predecessor-version":[{"id":40349,"href":"https:\/\/newonline.colop.ro\/index.php?rest_route=\/wp\/v2\/product\/33292\/revisions\/40349"}],"wp:featuredmedia":[{"embeddable":true,"href":"https:\/\/newonline.colop.ro\/index.php?rest_route=\/wp\/v2\/media\/35394"}],"wp:attachment":[{"href":"https:\/\/newonline.colop.ro\/index.php?rest_route=%2Fwp%2Fv2%2Fmedia&parent=33292"}],"wp:term":[{"taxonomy":"product_cat","embeddable":true,"href":"https:\/\/newonline.colop.ro\/index.php?rest_route=%2Fwp%2Fv2%2Fproduct_cat&post=33292"},{"taxonomy":"product_tag","embeddable":true,"href":"https:\/\/newonline.colop.ro\/index.php?rest_route=%2Fwp%2Fv2%2Fproduct_tag&post=33292"}],"curies":[{"name":"wp","href":"https:\/\/api.w.org\/{rel}","templated":true}]}}