{"id":33255,"date":"2024-05-09T18:52:50","date_gmt":"2024-05-09T16:52:50","guid":{"rendered":"https:\/\/online.colop.ro\/web2023\/?post_type=product&#038;p=33255"},"modified":"2025-07-31T22:36:27","modified_gmt":"2025-07-31T20:36:27","slug":"printer-20-green-line","status":"publish","type":"product","link":"https:\/\/newonline.colop.ro\/?product=printer-20-green-line","title":{"rendered":"Printer 20 Green Line"},"content":{"rendered":"<div class=\"\">\n<div class=\"description\">\n<div class=\"\">\n<div class=\"description\">\n<p>Dimensiunea portivit\u0103 pentru majoritatea \u015ftampilelor. Amprent\u0103 rectangular\u0103. Formatul comun este potrivit \u00een mod special pentru adres\u0103 \u015fi\/sau logo.<\/p>\n<\/div>\n<\/div>\n<\/div>\n<\/div>\n","protected":false},"excerpt":{"rendered":"<table class=\"product-atributes-table\" border=\"0\" width=\"100%\">\n<tbody>\n<tr>\n<td align=\"left\" valign=\"middle\"><\/td>\n<td align=\"right\" valign=\"middle\"><\/td>\n<\/tr>\n<tr>\n<td colspan=\"2\"><strong>Informa\u021bii produs<\/strong><\/td>\n<\/tr>\n<tr>\n<td align=\"left\" valign=\"middle\">Dimensiune amprent\u0103:<\/td>\n<td align=\"right\" valign=\"middle\">38 x 14 mm<\/td>\n<\/tr>\n<tr>\n<td align=\"left\" valign=\"middle\"><span class=\"product-attributes-text\">Num\u0103r de linii:<\/span><\/td>\n<td align=\"right\" valign=\"middle\">4<\/td>\n<\/tr>\n<tr>\n<td align=\"left\" valign=\"middle\"><span class=\"product-attributes-text\">Tu\u0219ier\u0103:<\/span><\/td>\n<td align=\"right\" valign=\"middle\">E\/20<\/td>\n<\/tr>\n<tr>\n<td align=\"left\" valign=\"middle\"><\/td>\n<td align=\"right\" valign=\"middle\"><\/td>\n<\/tr>\n<\/tbody>\n<\/table>\n<p>&nbsp;<\/p>\n<p><img decoding=\"async\" class=\"alignnone size-medium wp-image-16568\" src=\"https:\/\/online.colop.ro\/wp-content\/uploads\/2020\/09\/imprint_printer_20-300x111.png\" alt=\"\" width=\"143\" srcset=\"https:\/\/newonline.colop.ro\/wp-content\/uploads\/2020\/09\/imprint_printer_20-300x111.png 300w, https:\/\/newonline.colop.ro\/wp-content\/uploads\/2020\/09\/imprint_printer_20.png 450w\" sizes=\"(max-width: 300px) 100vw, 300px\" \/><\/p>\n<p>&nbsp;<\/p>\n<p><a class=\"single_add_to_cart_button button alt\" href=\"https:\/\/online.colop.ro\/produse\/stampile-ecologice\/green-line\/new-printer-20-green-line.html\" target=\"_blank\" rel=\"noopener noreferrer\"><strong>Cump\u0103r\u0103 online<\/strong><\/a><\/p>\n","protected":false},"featured_media":37402,"template":"","meta":[],"product_cat":[280,101],"product_tag":[],"_links":{"self":[{"href":"https:\/\/newonline.colop.ro\/index.php?rest_route=\/wp\/v2\/product\/33255"}],"collection":[{"href":"https:\/\/newonline.colop.ro\/index.php?rest_route=\/wp\/v2\/product"}],"about":[{"href":"https:\/\/newonline.colop.ro\/index.php?rest_route=\/wp\/v2\/types\/product"}],"version-history":[{"count":0,"href":"https:\/\/newonline.colop.ro\/index.php?rest_route=\/wp\/v2\/product\/33255\/revisions"}],"wp:featuredmedia":[{"embeddable":true,"href":"https:\/\/newonline.colop.ro\/index.php?rest_route=\/wp\/v2\/media\/37402"}],"wp:attachment":[{"href":"https:\/\/newonline.colop.ro\/index.php?rest_route=%2Fwp%2Fv2%2Fmedia&parent=33255"}],"wp:term":[{"taxonomy":"product_cat","embeddable":true,"href":"https:\/\/newonline.colop.ro\/index.php?rest_route=%2Fwp%2Fv2%2Fproduct_cat&post=33255"},{"taxonomy":"product_tag","embeddable":true,"href":"https:\/\/newonline.colop.ro\/index.php?rest_route=%2Fwp%2Fv2%2Fproduct_tag&post=33255"}],"curies":[{"name":"wp","href":"https:\/\/api.w.org\/{rel}","templated":true}]}}