{"id":33202,"date":"2024-05-09T18:52:39","date_gmt":"2024-05-09T16:52:39","guid":{"rendered":"https:\/\/online.colop.ro\/web2023\/?post_type=product&#038;p=33202"},"modified":"2025-07-31T22:30:20","modified_gmt":"2025-07-31T20:30:20","slug":"stampila-3300","status":"publish","type":"product","link":"https:\/\/newonline.colop.ro\/?product=stampila-3300","title":{"rendered":"\u0218tampil\u0103 3300"},"content":{"rendered":"<div class=\"wrapper\">\n<div class=\"page\">\n<div class=\"main-container col2-left-layout\">\n<div class=\"main\">\n<div class=\"col-main\">\n<div class=\"product-view expert\">\n<div class=\"product-essential\">\n<div class=\"product-shop\">\n<div class=\"short-description\">\n<div class=\"std\">\n<div>\u0218tampil\u0103 autotu\u0219ant\u0103 din gama Heavy Duty<\/div>\n<\/div>\n<\/div>\n<div class=\"description\">\n<div class=\"std\">\n<div>Fiind confec\u021bionat\u0103 din metal \u00een propor\u021bie de 80%, aceast\u0103 \u0219tampil\u0103 granteaz\u0103 o bun\u0103 stabilitate \u0219i durabilitate. Chiar \u0219i sistemul de blocare este confec\u021bionat din metal asigur\u00e2nd o func\u021bionare perfect\u0103 pe \u00eentreaga durat\u0103 de via\u021b\u0103 a produsului. Duritatea metalului din care sunt realizate piesele face \u0219tampila mai stabil\u0103 \u0219i robust\u0103, \u00een special pentru folosirea intesiv\u0103.<\/div>\n<\/div>\n<\/div>\n<\/div>\n<div class=\"clearer\"><\/div>\n<\/div>\n<\/div>\n<\/div>\n<div class=\"col-left sidebar\"><\/div>\n<\/div>\n<\/div>\n<\/div>\n<\/div>\n<div class=\"zoomContainer\">\n<div class=\"zoomWindowContainer\"><\/div>\n<\/div>\n","protected":false},"excerpt":{"rendered":"<table class=\"product-atributes-table\" border=\"0\" width=\"100%\">\n<tbody>\n<tr>\n<td align=\"left\" valign=\"middle\"><\/td>\n<td align=\"right\" valign=\"middle\"><\/td>\n<\/tr>\n<tr>\n<td colspan=\"2\"><strong>Informa\u021bii produs<\/strong><\/td>\n<\/tr>\n<tr>\n<td align=\"left\" valign=\"middle\">Dimensiune amprent\u0103:<\/td>\n<td align=\"right\" valign=\"middle\">45 x 30 mm<\/td>\n<\/tr>\n<tr>\n<td align=\"left\" valign=\"middle\"><span class=\"product-attributes-text\">Num\u0103r de linii:<\/span><\/td>\n<td align=\"right\" valign=\"middle\">7<\/td>\n<\/tr>\n<tr>\n<td align=\"left\" valign=\"middle\"><span class=\"product-attributes-text\">Tu\u0219ier\u0103:<\/span><\/td>\n<td align=\"right\" valign=\"middle\">E\/2300<\/td>\n<\/tr>\n<\/tbody>\n<\/table>\n<p><img decoding=\"async\" class=\"alignnone size-full wp-image-19912\" src=\"https:\/\/online.colop.ro\/wp-content\/uploads\/2021\/04\/3300.jpg\" alt=\"\" width=\"170\" height=\"114\" \/><\/p>\n<p>&nbsp;<\/p>\n<p><a class=\"single_add_to_cart_button button alt\" href=\"https:\/\/online.colop.ro\/3300.html\" target=\"_blank\" rel=\"noopener noreferrer\"><strong>Cump\u0103r\u0103 online<\/strong><\/a><\/p>\n","protected":false},"featured_media":36983,"template":"","meta":[],"product_cat":[127,120],"product_tag":[],"_links":{"self":[{"href":"https:\/\/newonline.colop.ro\/index.php?rest_route=\/wp\/v2\/product\/33202"}],"collection":[{"href":"https:\/\/newonline.colop.ro\/index.php?rest_route=\/wp\/v2\/product"}],"about":[{"href":"https:\/\/newonline.colop.ro\/index.php?rest_route=\/wp\/v2\/types\/product"}],"version-history":[{"count":2,"href":"https:\/\/newonline.colop.ro\/index.php?rest_route=\/wp\/v2\/product\/33202\/revisions"}],"predecessor-version":[{"id":39939,"href":"https:\/\/newonline.colop.ro\/index.php?rest_route=\/wp\/v2\/product\/33202\/revisions\/39939"}],"wp:featuredmedia":[{"embeddable":true,"href":"https:\/\/newonline.colop.ro\/index.php?rest_route=\/wp\/v2\/media\/36983"}],"wp:attachment":[{"href":"https:\/\/newonline.colop.ro\/index.php?rest_route=%2Fwp%2Fv2%2Fmedia&parent=33202"}],"wp:term":[{"taxonomy":"product_cat","embeddable":true,"href":"https:\/\/newonline.colop.ro\/index.php?rest_route=%2Fwp%2Fv2%2Fproduct_cat&post=33202"},{"taxonomy":"product_tag","embeddable":true,"href":"https:\/\/newonline.colop.ro\/index.php?rest_route=%2Fwp%2Fv2%2Fproduct_tag&post=33202"}],"curies":[{"name":"wp","href":"https:\/\/api.w.org\/{rel}","templated":true}]}}