{"id":33167,"date":"2024-05-09T18:52:31","date_gmt":"2024-05-09T16:52:31","guid":{"rendered":"https:\/\/online.colop.ro\/web2023\/?post_type=product&#038;p=33167"},"modified":"2025-07-31T22:21:41","modified_gmt":"2025-07-31T20:21:41","slug":"printer-r-40-dater-24-ore","status":"publish","type":"product","link":"https:\/\/newonline.colop.ro\/?product=printer-r-40-dater-24-ore","title":{"rendered":"Printer R 40 Dater &#8211; 24 Ore"},"content":{"rendered":"<div class=\"\">\n<div class=\"description\">\n<div class=\"\">\n<div class=\"description\">\n<div class=\"\">\n<div class=\"description\">\n<div class=\"\">\n<div class=\"description\">\n<div class=\"\">\n<div class=\"description\">\n<div class=\"\">\n<div class=\"description\">\n<div class=\"\">\n<div class=\"description\">\n<p>Datier\u0103 rotund\u0103, cu caracter oficial &#8211; format zi\/lun\u0103\/an, \u00eenconjurat de o pl\u0103cu\u0163\u0103 de text rotund\u0103 pe marginea careia se afl\u0103 orele zilei \u00een format 24 ore. Banda anilor este valabil\u0103 12 ani.<\/p>\n<\/div>\n<\/div>\n<\/div>\n<\/div>\n<\/div>\n<\/div>\n<\/div>\n<\/div>\n<\/div>\n<\/div>\n<\/div>\n<\/div>\n<\/div>\n<\/div>\n","protected":false},"excerpt":{"rendered":"<p><span class=\"product-attributes-text\">Tu\u0219ier\u0103:<\/span>E\/R 40<\/p>\n<table class=\"product-atributes-table\" border=\"0\" width=\"100%\">\n<tbody>\n<tr>\n<td align=\"left\" valign=\"middle\"><\/td>\n<td align=\"right\" valign=\"middle\"><\/td>\n<\/tr>\n<tr>\n<td colspan=\"2\"><strong>Informa\u021bii produs<\/strong><\/td>\n<\/tr>\n<tr>\n<td align=\"left\" valign=\"middle\">Dimensiune amprent\u0103:<\/td>\n<td align=\"right\" valign=\"middle\">\u00d8 40 mm<\/td>\n<\/tr>\n<tr>\n<td align=\"left\" valign=\"middle\"><span class=\"product-attributes-text\">Num\u0103r de linii:<\/span><\/td>\n<td align=\"right\" valign=\"middle\">6<\/td>\n<\/tr>\n<tr>\n<td align=\"left\" valign=\"middle\"><span class=\"product-attributes-text\">\u00cen\u0103l\u021bime dat\u0103:<\/span><\/td>\n<td align=\"right\" valign=\"middle\">3 mm<\/td>\n<\/tr>\n<tr>\n<td align=\"left\" valign=\"middle\"><\/td>\n<td align=\"right\" valign=\"middle\"><\/td>\n<\/tr>\n<\/tbody>\n<\/table>\n<p>&nbsp;<\/p>\n<p><img decoding=\"async\" class=\"alignnone wp-image-20834 size-full\" src=\"https:\/\/online.colop.ro\/wp-content\/uploads\/2021\/08\/printer_r40_dater_24h.jpg\" alt=\"\" width=\"150\" height=\"150\" srcset=\"https:\/\/newonline.colop.ro\/wp-content\/uploads\/2021\/08\/printer_r40_dater_24h.jpg 150w, https:\/\/newonline.colop.ro\/wp-content\/uploads\/2021\/08\/printer_r40_dater_24h-80x80.jpg 80w, https:\/\/newonline.colop.ro\/wp-content\/uploads\/2021\/08\/printer_r40_dater_24h-32x32.jpg 32w, https:\/\/newonline.colop.ro\/wp-content\/uploads\/2021\/08\/printer_r40_dater_24h-100x100.jpg 100w\" sizes=\"(max-width: 150px) 100vw, 150px\" \/><\/p>\n<p>&nbsp;<\/p>\n","protected":false},"featured_media":36907,"template":"","meta":[],"product_cat":[249,81],"product_tag":[],"_links":{"self":[{"href":"https:\/\/newonline.colop.ro\/index.php?rest_route=\/wp\/v2\/product\/33167"}],"collection":[{"href":"https:\/\/newonline.colop.ro\/index.php?rest_route=\/wp\/v2\/product"}],"about":[{"href":"https:\/\/newonline.colop.ro\/index.php?rest_route=\/wp\/v2\/types\/product"}],"version-history":[{"count":1,"href":"https:\/\/newonline.colop.ro\/index.php?rest_route=\/wp\/v2\/product\/33167\/revisions"}],"predecessor-version":[{"id":39881,"href":"https:\/\/newonline.colop.ro\/index.php?rest_route=\/wp\/v2\/product\/33167\/revisions\/39881"}],"wp:featuredmedia":[{"embeddable":true,"href":"https:\/\/newonline.colop.ro\/index.php?rest_route=\/wp\/v2\/media\/36907"}],"wp:attachment":[{"href":"https:\/\/newonline.colop.ro\/index.php?rest_route=%2Fwp%2Fv2%2Fmedia&parent=33167"}],"wp:term":[{"taxonomy":"product_cat","embeddable":true,"href":"https:\/\/newonline.colop.ro\/index.php?rest_route=%2Fwp%2Fv2%2Fproduct_cat&post=33167"},{"taxonomy":"product_tag","embeddable":true,"href":"https:\/\/newonline.colop.ro\/index.php?rest_route=%2Fwp%2Fv2%2Fproduct_tag&post=33167"}],"curies":[{"name":"wp","href":"https:\/\/api.w.org\/{rel}","templated":true}]}}