{"id":33159,"date":"2024-05-09T18:52:30","date_gmt":"2024-05-09T16:52:30","guid":{"rendered":"https:\/\/online.colop.ro\/web2023\/?post_type=product&#038;p=33159"},"modified":"2025-07-31T22:21:41","modified_gmt":"2025-07-31T20:21:41","slug":"s-300-green-line","status":"publish","type":"product","link":"https:\/\/newonline.colop.ro\/?product=s-300-green-line","title":{"rendered":"S 300 Green Line"},"content":{"rendered":"<div class=\"\">\n<div class=\"description\">\n<div class=\"\">\n<div class=\"description\">\n<div class=\"short-description\">\n<div class=\"std\">\n<div>\u0218tampil\u0103 autotu\u0219ant\u0103 cu suport din plastic (o combina\u021bie special\u0103 \u0219i rezistent\u0103 de ABS \u0219i POM)<\/div>\n<\/div>\n<\/div>\n<div class=\"description\">\n<div class=\"std\">\n<div>Genereaz\u0103 o amprent\u0103 dreptungiular\u0103. Acest format este ideal pentru adres\u0103\/logo.<\/div>\n<\/div>\n<\/div>\n<p>&nbsp;<\/p>\n<\/div>\n<\/div>\n<\/div>\n<\/div>\n","protected":false},"excerpt":{"rendered":"<table class=\"product-atributes-table\" border=\"0\" width=\"100%\">\n<tbody>\n<tr>\n<td align=\"left\" valign=\"middle\"><\/td>\n<td align=\"right\" valign=\"middle\"><\/td>\n<\/tr>\n<tr>\n<td colspan=\"2\"><strong>Informa\u021bii produs<\/strong><\/td>\n<\/tr>\n<tr>\n<td align=\"left\" valign=\"middle\">Dimensiune amprent\u0103:<\/td>\n<td align=\"right\" valign=\"middle\">45 x 30 mm<\/td>\n<\/tr>\n<tr>\n<td align=\"left\" valign=\"middle\"><span class=\"product-attributes-text\">Num\u0103r de linii:<\/span><\/td>\n<td align=\"right\" valign=\"middle\">7<\/td>\n<\/tr>\n<tr>\n<td align=\"left\" valign=\"middle\"><span class=\"product-attributes-text\">Tu\u0219ier\u0103:<\/span><\/td>\n<td align=\"right\" valign=\"middle\">E\/2300<\/td>\n<\/tr>\n<tr>\n<td align=\"left\" valign=\"middle\"><\/td>\n<td align=\"right\" valign=\"middle\"><\/td>\n<\/tr>\n<\/tbody>\n<\/table>\n<p>&nbsp;<\/p>\n<p><img decoding=\"async\" class=\"alignnone wp-image-20903 size-full\" src=\"https:\/\/online.colop.ro\/wp-content\/uploads\/2021\/09\/s_300_gl.jpg\" alt=\"\" width=\"156\" height=\"104\" \/><\/p>\n<p>&nbsp;<\/p>\n<p>&nbsp;<\/p>\n","protected":false},"featured_media":36901,"template":"","meta":[],"product_cat":[101,284],"product_tag":[],"_links":{"self":[{"href":"https:\/\/newonline.colop.ro\/index.php?rest_route=\/wp\/v2\/product\/33159"}],"collection":[{"href":"https:\/\/newonline.colop.ro\/index.php?rest_route=\/wp\/v2\/product"}],"about":[{"href":"https:\/\/newonline.colop.ro\/index.php?rest_route=\/wp\/v2\/types\/product"}],"version-history":[{"count":0,"href":"https:\/\/newonline.colop.ro\/index.php?rest_route=\/wp\/v2\/product\/33159\/revisions"}],"wp:featuredmedia":[{"embeddable":true,"href":"https:\/\/newonline.colop.ro\/index.php?rest_route=\/wp\/v2\/media\/36901"}],"wp:attachment":[{"href":"https:\/\/newonline.colop.ro\/index.php?rest_route=%2Fwp%2Fv2%2Fmedia&parent=33159"}],"wp:term":[{"taxonomy":"product_cat","embeddable":true,"href":"https:\/\/newonline.colop.ro\/index.php?rest_route=%2Fwp%2Fv2%2Fproduct_cat&post=33159"},{"taxonomy":"product_tag","embeddable":true,"href":"https:\/\/newonline.colop.ro\/index.php?rest_route=%2Fwp%2Fv2%2Fproduct_tag&post=33159"}],"curies":[{"name":"wp","href":"https:\/\/api.w.org\/{rel}","templated":true}]}}