{"id":33144,"date":"2024-05-09T18:52:29","date_gmt":"2024-05-09T16:52:29","guid":{"rendered":"https:\/\/online.colop.ro\/web2023\/?post_type=product&#038;p=33144"},"modified":"2025-07-31T22:20:00","modified_gmt":"2025-07-31T20:20:00","slug":"datiera-2860","status":"publish","type":"product","link":"https:\/\/newonline.colop.ro\/?product=datiera-2860","title":{"rendered":"Datier\u0103 2860"},"content":{"rendered":"<div class=\"wrapper\">\n<div class=\"page\">\n<div class=\"main-container col2-left-layout\">\n<div class=\"main\">\n<div class=\"col-main\">\n<div class=\"product-view expert\">\n<div class=\"product-essential\">\n<div class=\"product-shop\">\n<div class=\"short-description\">\n<div class=\"std\"><\/div>\n<\/div>\n<div class=\"description\">\n<div class=\"std\">\n<div>\n<div class=\"short-description\">\n<div class=\"std\">\n<div>\u0218tampil\u0103 autotu\u0219ant\u0103 cu structur\u0103 metalic\u0103.<\/div>\n<\/div>\n<\/div>\n<div class=\"description\">\n<div class=\"std\">\n<div>Datiera genereaz\u0103 o dat\u0103 de formatul zi\/lun\u0103\/an, \u00eenconjurat\u0103 de o pl\u0103cu\u021b\u0103 de text rectangular\u0103. Banda anilor este valabil\u0103 12 ani.<\/div>\n<\/div>\n<\/div>\n<\/div>\n<\/div>\n<\/div>\n<\/div>\n<\/div>\n<\/div>\n<\/div>\n<div class=\"col-left sidebar\"><\/div>\n<\/div>\n<\/div>\n<\/div>\n<\/div>\n<div class=\"zoomContainer\">\n<div class=\"zoomWindowContainer\"><\/div>\n<\/div>\n","protected":false},"excerpt":{"rendered":"<table class=\"product-atributes-table\" border=\"0\" width=\"100%\">\n<tbody>\n<tr>\n<td align=\"left\" valign=\"middle\"><\/td>\n<td align=\"right\" valign=\"middle\"><\/td>\n<\/tr>\n<tr>\n<td colspan=\"2\"><strong>Informa\u021bii produs<\/strong><\/td>\n<\/tr>\n<tr>\n<td align=\"left\" valign=\"middle\">Dimensiune amprent\u0103:<\/td>\n<td align=\"right\" valign=\"middle\">49 x 68 mm<\/td>\n<\/tr>\n<tr>\n<td align=\"left\" valign=\"middle\"><span class=\"product-attributes-text\">Num\u0103r de linii:<\/span><\/td>\n<td align=\"right\" valign=\"middle\">9<\/td>\n<\/tr>\n<tr>\n<td align=\"left\" valign=\"middle\"><span class=\"product-attributes-text\">\u00cen\u0103l\u021bime dat\u0103:<\/span><\/td>\n<td align=\"right\" valign=\"middle\">4 mm<\/td>\n<\/tr>\n<tr>\n<td align=\"left\" valign=\"middle\"><span class=\"product-attributes-text\">Tu\u0219ier\u0103:<\/span><\/td>\n<td align=\"right\" valign=\"middle\">E\/2800, E\/2800\/2<\/td>\n<\/tr>\n<tr>\n<td align=\"left\" valign=\"middle\"><\/td>\n<td align=\"right\" valign=\"middle\"><\/td>\n<\/tr>\n<\/tbody>\n<\/table>\n<p>&nbsp;<\/p>\n<p><img fetchpriority=\"high\" decoding=\"async\" class=\"alignnone size-medium wp-image-23013\" src=\"https:\/\/online.colop.ro\/wp-content\/uploads\/2021\/11\/2860-amprenta-300x207.png\" alt=\"\" width=\"300\" height=\"207\" srcset=\"https:\/\/newonline.colop.ro\/wp-content\/uploads\/2021\/11\/2860-amprenta-300x207.png 300w, https:\/\/newonline.colop.ro\/wp-content\/uploads\/2021\/11\/2860-amprenta.png 339w\" sizes=\"(max-width: 300px) 100vw, 300px\" \/><\/p>\n<p>&nbsp;<\/p>\n","protected":false},"featured_media":36814,"template":"","meta":[],"product_cat":[128,120],"product_tag":[],"_links":{"self":[{"href":"https:\/\/newonline.colop.ro\/index.php?rest_route=\/wp\/v2\/product\/33144"}],"collection":[{"href":"https:\/\/newonline.colop.ro\/index.php?rest_route=\/wp\/v2\/product"}],"about":[{"href":"https:\/\/newonline.colop.ro\/index.php?rest_route=\/wp\/v2\/types\/product"}],"version-history":[{"count":1,"href":"https:\/\/newonline.colop.ro\/index.php?rest_route=\/wp\/v2\/product\/33144\/revisions"}],"predecessor-version":[{"id":39993,"href":"https:\/\/newonline.colop.ro\/index.php?rest_route=\/wp\/v2\/product\/33144\/revisions\/39993"}],"wp:featuredmedia":[{"embeddable":true,"href":"https:\/\/newonline.colop.ro\/index.php?rest_route=\/wp\/v2\/media\/36814"}],"wp:attachment":[{"href":"https:\/\/newonline.colop.ro\/index.php?rest_route=%2Fwp%2Fv2%2Fmedia&parent=33144"}],"wp:term":[{"taxonomy":"product_cat","embeddable":true,"href":"https:\/\/newonline.colop.ro\/index.php?rest_route=%2Fwp%2Fv2%2Fproduct_cat&post=33144"},{"taxonomy":"product_tag","embeddable":true,"href":"https:\/\/newonline.colop.ro\/index.php?rest_route=%2Fwp%2Fv2%2Fproduct_tag&post=33144"}],"curies":[{"name":"wp","href":"https:\/\/api.w.org\/{rel}","templated":true}]}}