{"id":33102,"date":"2024-05-09T18:52:21","date_gmt":"2024-05-09T16:52:21","guid":{"rendered":"https:\/\/online.colop.ro\/web2023\/?post_type=product&#038;p=33102"},"modified":"2025-07-31T22:20:38","modified_gmt":"2025-07-31T20:20:38","slug":"stampila-r-3040","status":"publish","type":"product","link":"https:\/\/newonline.colop.ro\/?product=stampila-r-3040","title":{"rendered":"\u0218tampil\u0103 R 3040"},"content":{"rendered":"<p>Fiind realizat\u0103 80% din metal, gama din care face parte aceast\u0103 \u0219tampil\u0103 garanteaz\u0103 stabilitatea \u0219i durabilitatea. Chiar \u0219i sistemul de blocare este realizat din metal \u0219i garanteaz\u0103 calitatea utiliz\u0103rii pe tot parcursul vie\u021bii produsului. Duritatea ridicat\u0103 a materialelor utilizate fac \u0219tampila mai stabil\u0103 \u0219i robust\u0103, \u00een special pentru utilizare intensiv\u0103.<\/p>\n","protected":false},"excerpt":{"rendered":"<table class=\"product-atributes-table\" border=\"0\" width=\"100%\">\n<tbody>\n<tr>\n<td align=\"left\" valign=\"middle\"><\/td>\n<td align=\"right\" valign=\"middle\"><\/td>\n<\/tr>\n<tr>\n<td colspan=\"2\"><strong>Informa\u021bii produs<\/strong><\/td>\n<\/tr>\n<tr>\n<td align=\"left\" valign=\"middle\">Dimensiune amprent\u0103:<\/td>\n<td align=\"right\" valign=\"middle\">\u00d8 40 mm<\/td>\n<\/tr>\n<tr>\n<td align=\"left\" valign=\"middle\"><span class=\"product-attributes-text\">Num\u0103r de linii:<\/span><\/td>\n<td align=\"right\" valign=\"middle\">7<\/td>\n<\/tr>\n<tr>\n<td align=\"left\" valign=\"middle\"><span class=\"product-attributes-text\">Tu\u0219ier\u0103:<\/span><\/td>\n<td align=\"right\" valign=\"middle\">E\/R 2040<\/td>\n<\/tr>\n<tr>\n<td align=\"left\" valign=\"middle\"><\/td>\n<td align=\"right\" valign=\"middle\"><\/td>\n<\/tr>\n<\/tbody>\n<\/table>\n<p>&nbsp;<\/p>\n<p><img decoding=\"async\" class=\"alignnone wp-image-23308 size-full\" src=\"https:\/\/online.colop.ro\/wp-content\/uploads\/2022\/01\/3040.jpg\" alt=\"\" width=\"106\" height=\"106\" srcset=\"https:\/\/newonline.colop.ro\/wp-content\/uploads\/2022\/01\/3040.jpg 106w, https:\/\/newonline.colop.ro\/wp-content\/uploads\/2022\/01\/3040-80x80.jpg 80w, https:\/\/newonline.colop.ro\/wp-content\/uploads\/2022\/01\/3040-32x32.jpg 32w, https:\/\/newonline.colop.ro\/wp-content\/uploads\/2022\/01\/3040-100x100.jpg 100w\" sizes=\"(max-width: 106px) 100vw, 106px\" \/><\/p>\n<p>&nbsp;<\/p>\n","protected":false},"featured_media":36785,"template":"","meta":[],"product_cat":[127,120],"product_tag":[],"_links":{"self":[{"href":"https:\/\/newonline.colop.ro\/index.php?rest_route=\/wp\/v2\/product\/33102"}],"collection":[{"href":"https:\/\/newonline.colop.ro\/index.php?rest_route=\/wp\/v2\/product"}],"about":[{"href":"https:\/\/newonline.colop.ro\/index.php?rest_route=\/wp\/v2\/types\/product"}],"version-history":[{"count":1,"href":"https:\/\/newonline.colop.ro\/index.php?rest_route=\/wp\/v2\/product\/33102\/revisions"}],"predecessor-version":[{"id":39963,"href":"https:\/\/newonline.colop.ro\/index.php?rest_route=\/wp\/v2\/product\/33102\/revisions\/39963"}],"wp:featuredmedia":[{"embeddable":true,"href":"https:\/\/newonline.colop.ro\/index.php?rest_route=\/wp\/v2\/media\/36785"}],"wp:attachment":[{"href":"https:\/\/newonline.colop.ro\/index.php?rest_route=%2Fwp%2Fv2%2Fmedia&parent=33102"}],"wp:term":[{"taxonomy":"product_cat","embeddable":true,"href":"https:\/\/newonline.colop.ro\/index.php?rest_route=%2Fwp%2Fv2%2Fproduct_cat&post=33102"},{"taxonomy":"product_tag","embeddable":true,"href":"https:\/\/newonline.colop.ro\/index.php?rest_route=%2Fwp%2Fv2%2Fproduct_tag&post=33102"}],"curies":[{"name":"wp","href":"https:\/\/api.w.org\/{rel}","templated":true}]}}