{"id":33078,"date":"2024-05-09T18:52:19","date_gmt":"2024-05-09T16:52:19","guid":{"rendered":"https:\/\/online.colop.ro\/web2023\/?post_type=product&#038;p=33078"},"modified":"2025-07-31T22:38:53","modified_gmt":"2025-07-31T20:38:53","slug":"3100","status":"publish","type":"product","link":"https:\/\/newonline.colop.ro\/?product=3100","title":{"rendered":"\u0218tampil\u0103 3100"},"content":{"rendered":"<div class=\"\">\n<div class=\"description\">\n<p>Protec\u0163ie amtibacterian\u0103 <strong>Microban<\/strong> \u00eenglobat\u0103 at\u00e2t \u00een m\u00e2ner c\u00e2t \u015fi \u00een capacul acestuia<\/p>\n<p>Afl\u0103 ce \u00eenseamn\u0103 protec\u0163ia\u00a0<a href=\"https:\/\/online.colop.ro\/mb_ro\" target=\"_blank\" rel=\"noopener\"><strong>Microban<\/strong><\/a><\/p>\n<\/div>\n<\/div>\n","protected":false},"excerpt":{"rendered":"<p><a class=\"single_add_to_cart_button button alt\" href=\"https:\/\/online.colop.ro\/produse\/stampile-placuta-text-personalizata\/stampile-cu-text\/expert-line\/3100.html\" target=\"_blank\" rel=\"noopener noreferrer\"><strong>Cump\u0103r\u0103 online<\/strong><\/a><\/p>\n","protected":false},"featured_media":37447,"template":"","meta":[],"product_cat":[127,120],"product_tag":[],"_links":{"self":[{"href":"https:\/\/newonline.colop.ro\/index.php?rest_route=\/wp\/v2\/product\/33078"}],"collection":[{"href":"https:\/\/newonline.colop.ro\/index.php?rest_route=\/wp\/v2\/product"}],"about":[{"href":"https:\/\/newonline.colop.ro\/index.php?rest_route=\/wp\/v2\/types\/product"}],"version-history":[{"count":2,"href":"https:\/\/newonline.colop.ro\/index.php?rest_route=\/wp\/v2\/product\/33078\/revisions"}],"predecessor-version":[{"id":39931,"href":"https:\/\/newonline.colop.ro\/index.php?rest_route=\/wp\/v2\/product\/33078\/revisions\/39931"}],"wp:featuredmedia":[{"embeddable":true,"href":"https:\/\/newonline.colop.ro\/index.php?rest_route=\/wp\/v2\/media\/37447"}],"wp:attachment":[{"href":"https:\/\/newonline.colop.ro\/index.php?rest_route=%2Fwp%2Fv2%2Fmedia&parent=33078"}],"wp:term":[{"taxonomy":"product_cat","embeddable":true,"href":"https:\/\/newonline.colop.ro\/index.php?rest_route=%2Fwp%2Fv2%2Fproduct_cat&post=33078"},{"taxonomy":"product_tag","embeddable":true,"href":"https:\/\/newonline.colop.ro\/index.php?rest_route=%2Fwp%2Fv2%2Fproduct_tag&post=33078"}],"curies":[{"name":"wp","href":"https:\/\/api.w.org\/{rel}","templated":true}]}}