{"id":33039,"date":"2024-05-09T18:52:00","date_gmt":"2024-05-09T16:52:00","guid":{"rendered":"https:\/\/online.colop.ro\/web2023\/?post_type=product&#038;p=33039"},"modified":"2025-08-21T11:23:16","modified_gmt":"2025-08-21T09:23:16","slug":"tusiera-woodies","status":"publish","type":"product","link":"https:\/\/newonline.colop.ro\/?product=tusiera-woodies","title":{"rendered":"Tu\u0219ier\u0103 Woodies"},"content":{"rendered":"<p>Aceste tu\u0219iere inovative sunt ambalate \u00een cutiu\u021be de aluminiu cu capac \u0219i sunt accesoriul perfect pentru \u0219tampilele Woodies. Paleta larg\u0103 de culori pune la dispozi\u021bia orc\u0103rei min\u021bi creative culoarea sau combina\u021bia dorit\u0103.<\/p>\n<p>Cele 25 de culori \u00ee\u0219i au locul \u00een display-ul dedicat, \u00een a\u0219a fel \u00eenc\u00e2t fiecare \u00ee\u0219i poate alege cea mai potrivit\u0103 culoare pentru \u0219tampila sa Woodies. Cele 3 culori neon aduc un plus de diversitate cu stilul lor special.<\/p>\n<p>&nbsp;<\/p>\n","protected":false},"excerpt":{"rendered":"<p>Aceste tu\u0219iere inovative sunt ambalate \u00een cutiu\u021be de aluminiu cu capac \u0219i sunt accesoriul perfect pentru \u0219tampilele Woodies. Paleta larg\u0103 de culori pune la dispozi\u021bia orc\u0103rei min\u021bi creative culoarea sau combina\u021bia dorit\u0103. Cele 25 de culori \u00ee\u0219i au locul \u00een display-ul dedicat, \u00een a\u0219a fel \u00eenc\u00e2t fiecare \u00ee\u0219i poate alege cea mai potrivit\u0103 culoare pentru<\/p>\n<div class=\"klb-readmore entry-button\"><a class=\"btn read-more\" href=\"https:\/\/newonline.colop.ro\/?product=tusiera-woodies\">Afl\u0103 mai mult<\/a><\/div>\n","protected":false},"featured_media":36789,"template":"","meta":[],"product_cat":[346],"product_tag":[],"_links":{"self":[{"href":"https:\/\/newonline.colop.ro\/index.php?rest_route=\/wp\/v2\/product\/33039"}],"collection":[{"href":"https:\/\/newonline.colop.ro\/index.php?rest_route=\/wp\/v2\/product"}],"about":[{"href":"https:\/\/newonline.colop.ro\/index.php?rest_route=\/wp\/v2\/types\/product"}],"version-history":[{"count":0,"href":"https:\/\/newonline.colop.ro\/index.php?rest_route=\/wp\/v2\/product\/33039\/revisions"}],"wp:featuredmedia":[{"embeddable":true,"href":"https:\/\/newonline.colop.ro\/index.php?rest_route=\/wp\/v2\/media\/36789"}],"wp:attachment":[{"href":"https:\/\/newonline.colop.ro\/index.php?rest_route=%2Fwp%2Fv2%2Fmedia&parent=33039"}],"wp:term":[{"taxonomy":"product_cat","embeddable":true,"href":"https:\/\/newonline.colop.ro\/index.php?rest_route=%2Fwp%2Fv2%2Fproduct_cat&post=33039"},{"taxonomy":"product_tag","embeddable":true,"href":"https:\/\/newonline.colop.ro\/index.php?rest_route=%2Fwp%2Fv2%2Fproduct_tag&post=33039"}],"curies":[{"name":"wp","href":"https:\/\/api.w.org\/{rel}","templated":true}]}}