{"id":33037,"date":"2024-05-09T18:52:00","date_gmt":"2024-05-09T16:52:00","guid":{"rendered":"https:\/\/online.colop.ro\/web2023\/?post_type=product&#038;p=33037"},"modified":"2025-07-31T22:10:09","modified_gmt":"2025-07-31T20:10:09","slug":"set-stampile-duo-deal-r24","status":"publish","type":"product","link":"https:\/\/newonline.colop.ro\/?product=set-stampile-duo-deal-r24","title":{"rendered":"Set stampile Duo-Deal R24 (Printer R24 + Pocket Stamp R25)"},"content":{"rendered":"<h3>Set \u0219tampile Duo-Deal R24<\/h3>\n<p>Descoper\u0103 setul perfect pentru orice situa\u021bie, care include dou\u0103 \u0219tampile de calitate superioar\u0103: una de birou &#8211; Printer R24 \u0219i una de buzunar &#8211; Pocket Stamp R25. Acest set versatil \u00ee\u021bi ofer\u0103 flexibilitatea de avea o \u0219tampil\u0103 pentru lucrul la birou, pentru documente oficiale \u0219i una compact\u0103, u\u0219or de transportat, pentru utilizare rapid\u0103 \u00een deplasare.<\/p>\n<p>&nbsp;<\/p>\n<h4>Printer R24<\/h4>\n<p>\u0218tampila Printer R24 este o alegere ideal\u0103 pentru utilizarea de zi cu zi \u00een birou sau acas\u0103, fiind apreciat\u0103 pentru dimensiunea sa compact\u0103. Este folosit\u0103 de anteprenori \u0219i firme mici pentru a ad\u0103uga un logo sau denumire pe documente oficiale, facturi, contracte sau pentru validarea documentelor.<\/p>\n<p>&nbsp;<\/p>\n<h4>Pocket Stamp R25<\/h4>\n<p>\u0218tampila Pocket Stamp R25 este o \u0219tampil\u0103 compact\u0103 \u0219i portabil\u0103 cu diametrul de 25 mm, ideal\u0103 pentru utilizare \u00een mi\u0219care. Este o alegere popular\u0103 pentru profesioni\u0219tii care au nevoie de o \u0219tampil\u0103 u\u0219or de transportat, dar care ofer\u0103 o amprent\u0103 clar\u0103 \u0219i de calitate.<\/p>\n<p>&nbsp;<\/p>\n<p>Aten\u021bie! Pentru comenzile cu pl\u0103cu\u021b\u0103 de text personalizat\u0103, blisterul se desigileaz\u0103 pentru lipirea amprentelor.<\/p>\n","protected":false},"excerpt":{"rendered":"<p>Setul Duo-Deal R24 este potrivit oric\u0103rei situa\u021bii \u0219i include dou\u0103 \u0219tampile de calitate superioar\u0103: una de birou &#8211; Printer R24 \u0219i una de buzunar &#8211; Pocket Stamp R25, pentru solu\u021bii complete de marcare at\u00e2t la birou, \u00e2t \u0219i \u00een deplasare.<\/p>\n<p>&nbsp;<\/p>\n<table class=\"product-atributes-table\" border=\"0\" width=\"100%\">\n<tbody>\n<tr>\n<td align=\"left\" valign=\"middle\"><\/td>\n<td align=\"right\" valign=\"middle\"><\/td>\n<\/tr>\n<tr>\n<td colspan=\"2\"><strong>Informa\u021bii produs<\/strong><\/td>\n<\/tr>\n<tr>\n<td align=\"left\" valign=\"middle\">Dimensiune amprent\u0103 Printer R24\/Pocket Stamp R25:<\/td>\n<td align=\"right\" valign=\"middle\">\u00d8 24 mm\/25 mm<\/td>\n<\/tr>\n<tr>\n<td align=\"left\" valign=\"middle\"><span class=\"product-attributes-text\">Num\u0103r de linii:<\/span><\/td>\n<td align=\"right\" valign=\"middle\">5<\/td>\n<\/tr>\n<tr>\n<td align=\"left\" valign=\"middle\"><span class=\"product-attributes-text\">Tu\u0219ier\u0103:<\/span><\/td>\n<td align=\"right\" valign=\"middle\">E\/R24<\/td>\n<\/tr>\n<\/tbody>\n<\/table>\n<p>&nbsp;<\/p>\n<p><img decoding=\"async\" class=\"alignnone size-full wp-image-17048\" src=\"https:\/\/online.colop.ro\/wp-content\/uploads\/2020\/09\/imprints_printer_R30.jpg\" alt=\"\" width=\"79\" height=\"79\" srcset=\"https:\/\/newonline.colop.ro\/wp-content\/uploads\/2020\/09\/imprints_printer_R30.jpg 79w, https:\/\/newonline.colop.ro\/wp-content\/uploads\/2020\/09\/imprints_printer_R30-32x32.jpg 32w\" sizes=\"(max-width: 79px) 100vw, 79px\" \/><\/p>\n<p>&nbsp;<\/p>\n","protected":false},"featured_media":33059,"template":"","meta":[],"product_cat":[81,545,91],"product_tag":[],"_links":{"self":[{"href":"https:\/\/newonline.colop.ro\/index.php?rest_route=\/wp\/v2\/product\/33037"}],"collection":[{"href":"https:\/\/newonline.colop.ro\/index.php?rest_route=\/wp\/v2\/product"}],"about":[{"href":"https:\/\/newonline.colop.ro\/index.php?rest_route=\/wp\/v2\/types\/product"}],"version-history":[{"count":3,"href":"https:\/\/newonline.colop.ro\/index.php?rest_route=\/wp\/v2\/product\/33037\/revisions"}],"predecessor-version":[{"id":40340,"href":"https:\/\/newonline.colop.ro\/index.php?rest_route=\/wp\/v2\/product\/33037\/revisions\/40340"}],"wp:featuredmedia":[{"embeddable":true,"href":"https:\/\/newonline.colop.ro\/index.php?rest_route=\/wp\/v2\/media\/33059"}],"wp:attachment":[{"href":"https:\/\/newonline.colop.ro\/index.php?rest_route=%2Fwp%2Fv2%2Fmedia&parent=33037"}],"wp:term":[{"taxonomy":"product_cat","embeddable":true,"href":"https:\/\/newonline.colop.ro\/index.php?rest_route=%2Fwp%2Fv2%2Fproduct_cat&post=33037"},{"taxonomy":"product_tag","embeddable":true,"href":"https:\/\/newonline.colop.ro\/index.php?rest_route=%2Fwp%2Fv2%2Fproduct_tag&post=33037"}],"curies":[{"name":"wp","href":"https:\/\/api.w.org\/{rel}","templated":true}]}}