{"id":33033,"date":"2024-05-09T18:52:00","date_gmt":"2024-05-09T16:52:00","guid":{"rendered":"https:\/\/online.colop.ro\/web2023\/?post_type=product&#038;p=33033"},"modified":"2025-07-31T22:10:09","modified_gmt":"2025-07-31T20:10:09","slug":"set-duo-deal-r30-printer-r30-pocket-stamp-r30","status":"publish","type":"product","link":"https:\/\/newonline.colop.ro\/?product=set-duo-deal-r30-printer-r30-pocket-stamp-r30","title":{"rendered":"Set Duo-Deal R30 (Printer R30 + Pocket Stamp R30)"},"content":{"rendered":"<p>Set practic format din dou\u0103 \u0219tampile cu dimaetrul de 30 mm, una de birou \u0219i una de buzunar.<\/p>\n<p>Aten\u021bie! Pentru comenzile cu pl\u0103cu\u021b\u0103 de text personalizat\u0103, blisterul se desigleaz\u0103 pentru lipirea amprentelor.<\/p>\n","protected":false},"excerpt":{"rendered":"<p>Set practic format din dou\u0103 \u0219tampile cu dimaetrul de 30 mm, una de birou \u0219i una de buzunar. Aten\u021bie! Pentru comenzile cu pl\u0103cu\u021b\u0103 de text personalizat\u0103, blisterul se desigleaz\u0103 pentru lipirea amprentelor.<\/p>\n","protected":false},"featured_media":33057,"template":"","meta":[],"product_cat":[81,545,91],"product_tag":[],"_links":{"self":[{"href":"https:\/\/newonline.colop.ro\/index.php?rest_route=\/wp\/v2\/product\/33033"}],"collection":[{"href":"https:\/\/newonline.colop.ro\/index.php?rest_route=\/wp\/v2\/product"}],"about":[{"href":"https:\/\/newonline.colop.ro\/index.php?rest_route=\/wp\/v2\/types\/product"}],"version-history":[{"count":1,"href":"https:\/\/newonline.colop.ro\/index.php?rest_route=\/wp\/v2\/product\/33033\/revisions"}],"predecessor-version":[{"id":39652,"href":"https:\/\/newonline.colop.ro\/index.php?rest_route=\/wp\/v2\/product\/33033\/revisions\/39652"}],"wp:featuredmedia":[{"embeddable":true,"href":"https:\/\/newonline.colop.ro\/index.php?rest_route=\/wp\/v2\/media\/33057"}],"wp:attachment":[{"href":"https:\/\/newonline.colop.ro\/index.php?rest_route=%2Fwp%2Fv2%2Fmedia&parent=33033"}],"wp:term":[{"taxonomy":"product_cat","embeddable":true,"href":"https:\/\/newonline.colop.ro\/index.php?rest_route=%2Fwp%2Fv2%2Fproduct_cat&post=33033"},{"taxonomy":"product_tag","embeddable":true,"href":"https:\/\/newonline.colop.ro\/index.php?rest_route=%2Fwp%2Fv2%2Fproduct_tag&post=33033"}],"curies":[{"name":"wp","href":"https:\/\/api.w.org\/{rel}","templated":true}]}}