{"id":33026,"date":"2024-05-09T18:51:59","date_gmt":"2024-05-09T16:51:59","guid":{"rendered":"https:\/\/online.colop.ro\/web2023\/?post_type=product&#038;p=33026"},"modified":"2025-07-31T22:10:21","modified_gmt":"2025-07-31T20:10:21","slug":"tus-pentru-materiale-nonporoase-noris-n193","status":"publish","type":"product","link":"https:\/\/newonline.colop.ro\/?product=tus-pentru-materiale-nonporoase-noris-n193","title":{"rendered":"Tu\u0219 pentru metal \u0219i plastic Noris N193"},"content":{"rendered":"<h4><strong>Tu\u0219 pentru metal \u0219i plastic\u00a0 Noris 193 &#8211; Marcaje precise \u0219i durabile<\/strong><\/h4>\n<p>Noris 193 este un tu\u0219 industrial special formulat pentru imprimare pe <strong>metal, plastic, folie, piele \u0219i alte suprafe\u021be neporoase<\/strong>. Datorit\u0103 compozi\u021biei pe baz\u0103 de <strong>solvent<\/strong>, acest tu\u0219 asigur\u0103 <strong>aderen\u021b\u0103 excelent\u0103, uscare rapid\u0103 \u0219i rezisten\u021b\u0103 ridicat\u0103 la frecare, umiditate \u0219i substan\u021be chimice u\u0219oare<\/strong>, fiind ideal pentru aplica\u021biile industriale, comerciale \u0219i logistice.<\/p>\n<p>&nbsp;<\/p>\n<h4>Caracteristici:<\/h4>\n<ul>\n<li>Aderen\u021b\u0103 superioar\u0103 &#8211; se fixeaz\u0103 pe metal, plastic \u0219i alte suprafe\u021be netede<\/li>\n<li>Uscare rapid\u0103 &#8211; Reduce riscul de \u00eentindere a tu\u0219ului \u0219i permite manipularea rapid\u0103 a obiectelor marcate<\/li>\n<li>Compatibilitate extins\u0103 &#8211; Poate fi folosit \u00eempreun\u0103 cu \u0219tampile manuale \u0219i autotu\u0219ante, cu amprent\u0103 de cauciuc sau benzi<\/li>\n<\/ul>\n<p>&nbsp;<\/p>\n<h4>Aplica\u021bii recomandate:<\/h4>\n<ul>\n<li>Marcarea \u0219i etichetarea produselor din metal, plastic, folie etc.<\/li>\n<li>Identificare industrial\u0103 \u0219i logistic\u0103 &#8211; numerotare, codificare \u0219i personalizare<\/li>\n<li>Personalizarea ambalajelor \u0219i materialelor promo\u021bionale<\/li>\n<\/ul>\n<p>&nbsp;<\/p>\n<p>Datorit\u0103 calit\u0103\u021bii superioare \u0219i fiabilit\u0103\u021bii, Noris N193 este alegerea ideal\u0103 pentru cei care au nevoie de un tu\u0219 rezistent, potrivit pentru suprafe\u021be dificile, f\u0103r\u0103 compromisuri \u00een ceea ce prive\u0219te claritatea \u0219i durabilitatea imprim\u0103rii.<\/p>\n","protected":false},"excerpt":{"rendered":"<table class=\"product-atributes-table\" border=\"0\" width=\"100%\">\n<tbody>\n<tr>\n<td align=\"left\" valign=\"middle\"><\/td>\n<td align=\"right\" valign=\"middle\"><\/td>\n<\/tr>\n<tr>\n<td colspan=\"2\"><strong>Informa\u021bii produs<\/strong><\/td>\n<\/tr>\n<tr>\n<td align=\"left\" valign=\"middle\">Pe baz\u0103 de:<\/td>\n<td align=\"right\" valign=\"middle\">Solvent<\/td>\n<\/tr>\n<tr>\n<td align=\"left\" valign=\"middle\">Se aplic\u0103 pe:<\/td>\n<td align=\"right\" valign=\"middle\">o\u021bel turnat, cupru, alam\u0103, sticl\u0103, polietilen\u0103<\/td>\n<\/tr>\n<tr>\n<td align=\"left\" valign=\"middle\">Timp de uscare:<\/td>\n<td align=\"right\" valign=\"middle\">o\u021bel turnat, cupru, alam\u0103, sticl\u0103, polietilen\u0103 &#8211; 600 s<\/td>\n<\/tr>\n<tr>\n<td align=\"left\" valign=\"middle\"><\/td>\n<td align=\"right\" valign=\"middle\"><\/td>\n<\/tr>\n<\/tbody>\n<\/table>\n<p>&nbsp;<\/p>\n<p>&nbsp;<\/p>\n","protected":false},"featured_media":0,"template":"","meta":[],"product_cat":[260,372,97],"product_tag":[],"_links":{"self":[{"href":"https:\/\/newonline.colop.ro\/index.php?rest_route=\/wp\/v2\/product\/33026"}],"collection":[{"href":"https:\/\/newonline.colop.ro\/index.php?rest_route=\/wp\/v2\/product"}],"about":[{"href":"https:\/\/newonline.colop.ro\/index.php?rest_route=\/wp\/v2\/types\/product"}],"version-history":[{"count":5,"href":"https:\/\/newonline.colop.ro\/index.php?rest_route=\/wp\/v2\/product\/33026\/revisions"}],"predecessor-version":[{"id":40196,"href":"https:\/\/newonline.colop.ro\/index.php?rest_route=\/wp\/v2\/product\/33026\/revisions\/40196"}],"wp:attachment":[{"href":"https:\/\/newonline.colop.ro\/index.php?rest_route=%2Fwp%2Fv2%2Fmedia&parent=33026"}],"wp:term":[{"taxonomy":"product_cat","embeddable":true,"href":"https:\/\/newonline.colop.ro\/index.php?rest_route=%2Fwp%2Fv2%2Fproduct_cat&post=33026"},{"taxonomy":"product_tag","embeddable":true,"href":"https:\/\/newonline.colop.ro\/index.php?rest_route=%2Fwp%2Fv2%2Fproduct_tag&post=33026"}],"curies":[{"name":"wp","href":"https:\/\/api.w.org\/{rel}","templated":true}]}}