{"id":33022,"date":"2024-05-09T18:51:59","date_gmt":"2024-05-09T16:51:59","guid":{"rendered":"https:\/\/online.colop.ro\/web2023\/?post_type=product&#038;p=33022"},"modified":"2025-07-31T22:10:21","modified_gmt":"2025-07-31T20:10:21","slug":"tus-pentru-plastic-noris-n196","status":"publish","type":"product","link":"https:\/\/newonline.colop.ro\/?product=tus-pentru-plastic-noris-n196","title":{"rendered":"Tus pentru plastic Noris N196"},"content":{"rendered":"<h4><strong>Tu\u0219 pentru plastic Noris N196 &#8211; Marcaj durabil pentru suprafe\u021be neporoase<\/strong><\/h4>\n<p><strong>Noris N196<\/strong> este un tu\u0219 de \u00eenalt\u0103 calitate, special formulat pentru imprimare pe <strong>h\u00e2rtie lucioas\u0103,\u00a0plastic, folie \u0219i alte suprafe\u021be neporoase<\/strong>. Datorit\u0103 formulei sale <strong>pe baz\u0103 de solvent<\/strong>, ofer\u0103 o aderen\u021b\u0103 excelent\u0103, <strong>uscare rapid\u0103<\/strong> \u0219i rezisten\u021b\u0103 la \u0219tergere, abraziuni \u0219i umiditate, f\u0103c\u00e2ndu-l ideal pentru utiliz\u0103ri industriale \u0219i comerciale.<\/p>\n<p>&nbsp;<\/p>\n<h4>Caracteristici:<\/h4>\n<ul>\n<li><strong>Aderen\u021b\u0103 superioar\u0103<\/strong> &#8211; Se fixeaz\u0103 eficient pe suprafe\u021be netede \u0219i dificile<\/li>\n<li><strong>Uscare rapid\u0103<\/strong> &#8211; Reduce riscul de \u00eentindere a cernelei \u0219i permite manipularea rapid\u0103 a obiectelor marcate<\/li>\n<li><strong>Disponibil \u00een mai multe culori<\/strong><\/li>\n<li><strong>Compatibilitate extins\u0103<\/strong> &#8211; Poate fi folosit at\u00e2t cu \u0219tampile manuale, c\u00e2t \u0219i cu autotu\u0219ante, cu amprent\u0103 de cauciuc sau benzi<\/li>\n<li><strong>Versatil<\/strong> &#8211; Ideal pentru etichetare, marcaje industriale \u0219i alte aplica\u021bii profesionale<\/li>\n<\/ul>\n<p>&nbsp;<\/p>\n<h4>Aplica\u021bii:<\/h4>\n<ul>\n<li>Marcarea \u0219i etichetarea produselor din plastic, metal, sticl\u0103<\/li>\n<li>Personalizara ambalajelor \u0219i materialelor promo\u021bionale<\/li>\n<li>Utilizare \u00een industrii precum automobilistic\u0103, logistic\u0103, produc\u021bie \u0219i retail<\/li>\n<\/ul>\n<p>&nbsp;<\/p>\n<p>Datorit\u0103 calit\u0103\u021bii superioare \u0219i fiabilit\u0103\u021bii, Noris N196 este alegerea ideal\u0103 pentru cei care au nevoie de un tu\u0219 rezistent, potrivit pentru suprafe\u021be dificile, f\u0103r\u0103 compromisuri \u00een ceea ce prive\u0219te claritatea \u0219i durabilitatea imprim\u0103rii.<\/p>\n","protected":false},"excerpt":{"rendered":"<table class=\"product-atributes-table\" border=\"0\" width=\"100%\">\n<tbody>\n<tr>\n<td align=\"left\" valign=\"middle\"><\/td>\n<td align=\"right\" valign=\"middle\"><\/td>\n<\/tr>\n<tr>\n<td colspan=\"2\"><strong>Informa\u021bii produs<\/strong><\/td>\n<\/tr>\n<tr>\n<td align=\"left\" valign=\"middle\">Pe baz\u0103 de:<\/td>\n<td align=\"right\" valign=\"middle\">Solvent<\/td>\n<\/tr>\n<tr>\n<td align=\"left\" valign=\"middle\">Se aplic\u0103 pe:<\/td>\n<td align=\"right\" valign=\"middle\">H\u00e2rtie lucioas\u0103, folii de plastic, plastic<\/td>\n<\/tr>\n<tr>\n<td align=\"left\" valign=\"middle\">Timp de uscare:<\/td>\n<td align=\"right\" valign=\"middle\">folie, h\u00e2rtie lucioas\u0103 &#8211; 11 s; plastic &#8211; 12 s<\/td>\n<\/tr>\n<tr>\n<td align=\"left\" valign=\"middle\"><\/td>\n<td align=\"right\" valign=\"middle\"><\/td>\n<\/tr>\n<\/tbody>\n<\/table>\n<p>&nbsp;<\/p>\n<p><a class=\"single_add_to_cart_button button alt\" href=\"https:\/\/online.colop.ro\/produse\/accesorii-stampile\/tusuri\/tusuri-industriale\/tus-pentru-plastic-n196-50-ml.html\" target=\"_blank\" rel=\"noopener noreferrer\"><strong>Cump\u0103r\u0103 online<\/strong><\/a><\/p>\n","protected":false},"featured_media":34454,"template":"","meta":[],"product_cat":[260,372,97],"product_tag":[],"_links":{"self":[{"href":"https:\/\/newonline.colop.ro\/index.php?rest_route=\/wp\/v2\/product\/33022"}],"collection":[{"href":"https:\/\/newonline.colop.ro\/index.php?rest_route=\/wp\/v2\/product"}],"about":[{"href":"https:\/\/newonline.colop.ro\/index.php?rest_route=\/wp\/v2\/types\/product"}],"version-history":[{"count":6,"href":"https:\/\/newonline.colop.ro\/index.php?rest_route=\/wp\/v2\/product\/33022\/revisions"}],"predecessor-version":[{"id":40191,"href":"https:\/\/newonline.colop.ro\/index.php?rest_route=\/wp\/v2\/product\/33022\/revisions\/40191"}],"wp:featuredmedia":[{"embeddable":true,"href":"https:\/\/newonline.colop.ro\/index.php?rest_route=\/wp\/v2\/media\/34454"}],"wp:attachment":[{"href":"https:\/\/newonline.colop.ro\/index.php?rest_route=%2Fwp%2Fv2%2Fmedia&parent=33022"}],"wp:term":[{"taxonomy":"product_cat","embeddable":true,"href":"https:\/\/newonline.colop.ro\/index.php?rest_route=%2Fwp%2Fv2%2Fproduct_cat&post=33022"},{"taxonomy":"product_tag","embeddable":true,"href":"https:\/\/newonline.colop.ro\/index.php?rest_route=%2Fwp%2Fv2%2Fproduct_tag&post=33022"}],"curies":[{"name":"wp","href":"https:\/\/api.w.org\/{rel}","templated":true}]}}