{"id":3,"date":"2020-04-27T14:26:29","date_gmt":"2020-04-27T14:26:29","guid":{"rendered":"http:\/\/violet.nbi.ro\/?page_id=3"},"modified":"2022-06-23T09:00:53","modified_gmt":"2022-06-23T07:00:53","slug":"privacy-policy","status":"publish","type":"page","link":"https:\/\/newonline.colop.ro\/?page_id=3","title":{"rendered":"Politica de confiden\u021bialitate"},"content":{"rendered":"\n<h3 class=\"wp-block-heading\">1. Colop Romania srl se angajeaz\u0103 s\u0103 v\u0103 protejeze \u0219i s\u0103 respecte confiden\u021bialitatea. Aceast\u0103 politic\u0103 (\u00eempreun\u0103 cu Termenii \u0219i condi\u021biile noastre \u0219i orice alte documente la care se face referire) stabile\u0219te baza pe care orice informa\u021bie personal\u0103 pe care o colect\u0103m de la dvs. sau ne-o furniza\u021bi prin intermediul site-ului nostru va fi procesat\u0103 de noi. Citi\u021bi cu aten\u021bie urm\u0103toarele pentru a \u00een\u021belege opiniile \u0219i practicile noastre cu privire la informa\u021biile dvs. personale \u0219i cum le vom trata. Vizit\u00e2nd site-ul nostru sau furniz\u00e2nd informa\u021biile personale, accepta\u021bi \u0219i consim\u021bi\u021bi la practicile descrise \u00een aceast\u0103 politic\u0103.<\/h3>\n\n\n\n<p>Putem modifica aceast\u0103 politic\u0103 de confiden\u021bialitate \u00een orice moment. Orice modific\u0103ri pe care le facem vor fi afi\u0219ate pe aceast\u0103 pagin\u0103, deci v\u0103 invit\u0103m s\u0103 verifica\u021bi regulat. Utilizarea continu\u0103 a site-ului nostru dup\u0103 \u00eenregistrare va constitui acceptarea \u0219i acceptarea oric\u0103ror modific\u0103ri.<\/p>\n\n\n\n<h3 class=\"wp-block-heading\">2. Informa\u021biile pe care le putem colecta<\/h3>\n\n\n\n<p>Ne pute\u021bi furniza informa\u021bii prin completarea formularelor pe site-ul nostru sau prin coresponden\u021ba cu noi prin telefon, e-mail sau \u00een alt mod. Informa\u021biile personale pe care le furniza\u021bi pot include numele, adresa, adresa de e-mail \u0219i num\u0103rul de telefon \u0219i orice alte informa\u021bii despre dvs., pentru a ne permite s\u0103 v\u0103 oferim cele mai bune servicii.<\/p>\n\n\n\n<p>Informa\u021bii colectate automat: C\u00e2nd vizita\u021bi site-ul, colect\u0103m \u0219i analiz\u0103m automat anumite informa\u021bii despre utilizarea de c\u0103tre dvs. a site-ului \u0219i a dispozitivului pe care l-a\u021bi utilizat pentru a accesa site-ul. Aceste informa\u021bii includ adresa IP, informa\u021bii despre tipul \u0219i limba browserului, data \u0219i ora la care accesa\u021bi site-ul, con\u021binutul \u0219i orice cookie-uri anterioare pe care browserul dvs. le-a acceptat.<\/p>\n\n\n\n<p>Utilizarea cookie-urilor: Ca multe alte site-uri web, site-ul COLOP Romania srl utilizeaz\u0103 module cookie. C\u00e2nd vizita\u021bi site-ul nostru, este posibil s\u0103 inc\u0103rca\u021bi pe computer unul sau mai multe module cookie. Un cookie este un fi\u0219ier text mic care con\u021bine informa\u021bii pe care le putem citi mai t\u00e2rziu pentru a v\u0103 facilita accesul la site-ul nostru \u0219i pentru a v\u0103 personaliza experien\u021ba online. De exemplu, de fiecare dat\u0103 c\u00e2nd v\u0103 conecta\u021bi la site-ul nostru, v\u0103 vom \u00eenregistra ID-ul de utilizator \u00eentr-un cookie pe computer. De asemenea, putem utiliza cookie-uri pentru a colecta informa\u021bii despre activitatea dvs. pe site-ul nostru, cum ar fi paginile pe care le vizita\u021bi, linkurile pe care le face\u021bi clic \u0219i c\u0103ut\u0103rile pe care le efectua\u021bi. Majoritatea browserelor accept\u0103 automat cookie-urile, dar de obicei pute\u021bi modifica set\u0103rile browserului dvs. pentru a refuza cookie-urile acces\u00e2nd sec\u021biunea Ajutor a barei de instrumente a browserului dvs. De asemenea, folosim \u0219i alte tehnologii, cum ar fi etichetele pixel pentru a livra sau a comunica cu cookie-urile \u0219i a facilita utilizarea de c\u0103tre site-ul nostru. De asemenea, includem tehnologii de urm\u0103rire \u00een mesaje e-mail sau buletine de \u0219tiri pentru a urm\u0103ri dac\u0103 deschide\u021bi mesajele. Utiliz\u0103m aceste informa\u021bii pentru a personaliza serviciile noastre \u0219i pentru a m\u0103sura eficacitatea general\u0103 a con\u021binutului nostru online, a produselor \u0219i a ofertelor pe care le prezent\u0103m pe site.<\/p>\n\n\n\n<h3 class=\"wp-block-heading\">3. Cum folosim informa\u021biile<\/h3>\n\n\n\n<p>Utiliz\u0103m informa\u021biile pe care le colect\u0103m de la dumneavoastr\u0103 \u0219i despre dvs. \u00een urm\u0103toarele scopuri, inclusiv:<\/p>\n\n\n\n<ul><li>\u00cen scopurile pentru care a\u021bi furnizat informa\u021biile<\/li><li>S\u0103 afl\u0103m opiniile sau comentariile dvs. despre serviciile pe care le furniz\u0103m<\/li><li>V\u0103 anun\u021b\u0103m despre modific\u0103rile aduse serviciilor noastre<\/li><li>S\u0103 comunic\u0103m cu dvs. despre sondaje, marketing, promo\u021bii oferite de COLOP Romania srl \u0219i partenerii \u0219i afilia\u021bii s\u0103i, inclusiv informa\u021bii despre campaniile \u0219i bunurile \u0219i serviciile companiilor asociate<\/li><li>Pentru a v\u0103 asigura c\u0103 con\u021binutul de pe site-ul nostru este prezentat \u00een modul cel mai eficient pentru dvs. \u0219i pentru computerul dvs.<\/li><li>Pentru a personaliza con\u021binutul pe care \u00eel vede\u021bi<\/li><li>Asigurarea func\u021bion\u0103rii tehnice a sitului<\/li><li>Profil de utilizator \u2013 analiz\u0103m informa\u021biile personale pentru a v\u0103 crea un profil al intereselor \u0219i preferin\u021belor dvs. pentru a v\u0103 putea contacta cu informa\u021bii relevante pentru dvs.<\/li><\/ul>\n\n\n\n<p>Discu\u021bii: \u00cen cazul \u00een care posta\u021bi informa\u021bii \u00een forumuri de discu\u021bii, re\u021bine\u021bi c\u0103 aceste informa\u021bii pot fi vizualizate de orice utilizator cu acces \u00een acele zone.<\/p>\n\n\n\n<h3 class=\"wp-block-heading\">4. Accesul la informa\u021biile dvs.<\/h3>\n\n\n\n<p>Acurate\u021bea informa\u021biilor dvs. este important\u0103 pentru noi. Pute\u021bi solicita accesul la anumite informa\u021bii pe care le de\u021binem, corectarea anumitor informa\u021bii care ar putea fi incorecte \u0219i\/sau s\u0103 ne cere\u021bi s\u0103 bloc\u0103m sau s\u0103 \u0219tergem aceste informa\u021bii \u0219i s\u0103 cere\u021bi excluderea acestora da la prelucrarea datelor cu caracter personal, cu excep\u021bia cazului \u00een care legea cere altfel . Pentru a solicita accesul sau corectarea informa\u021biilor sau pentru a pune \u00eentreb\u0103ri cu privire la informa\u021biile pe care le de\u021bine\u021bi, v\u0103 rug\u0103m s\u0103 ne trimite\u021bi un e-mail la&nbsp;<strong>office@colop.ro<\/strong>. Este posibil s\u0103 v\u0103 cerem s\u0103 furniza\u021bi informa\u021bii de identificare oficiale. Vom p\u0103stra informa\u021biile dvs. at\u00e2ta timp c\u00e2t este necesar pentru a v\u0103 oferi orice servicii pe care le solicita\u021bi. Vom p\u0103stra \u0219i vom utiliza informa\u021biile dvs. necesare pentru a ne conforma obliga\u021biilor legale, pentru a rezolva disputele \u0219i pentru a ne pune \u00een aplicare acordurile. Dac\u0103 v\u0103 schimba\u021bi adresa de e-mail sau oricare alt\u0103 informa\u021bie pe care o de\u021binem este inexact\u0103 sau dep\u0103\u0219it\u0103, v\u0103 rug\u0103m s\u0103 nu ezita\u021bi s\u0103 ne contacta\u021bi prin e-mail sau s\u0103 ne scrie\u021bi la adresa: Bucure\u0219ti, Sector 1, Str. Some\u0219ului Nr.1<\/p>\n\n\n\n<p>Nu vom vinde sau \u00eenchiria informa\u021biile dvs. unor ter\u021be p\u0103r\u021bi.<\/p>\n\n\n\n<p>Nu vom \u00eemp\u0103rt\u0103\u0219i informa\u021biile dvs. unor ter\u021be p\u0103r\u021bi \u00een scopuri de marketing.<\/p>\n\n\n\n<h3 class=\"wp-block-heading\">5. M\u0103suri de securitate pentru a proteja pierderea, utilizarea gre\u0219it\u0103 sau modificarea informa\u021biilor<\/h3>\n\n\n\n<p>Am implementat m\u0103suri rezonabile de securitate tehnice \u0219i organiza\u021bionale pentru a v\u0103 proteja \u00eempotriva accesului neautorizat la alterarea, dezv\u0103luirea sau distrugerea informa\u021biilor neautorizate. Din p\u0103cate, nici o transmisie de date prin Internet nu poate fi garantat\u0103 \u00een totalitate \u0219i nu putem garanta securitatea oric\u0103ror informa\u021bii pe care le transmite\u021bi prin intermediul site-ului nostru. Facem eforturi rezonabile pentru a restric\u021biona accesul la informa\u021bii numai acelor angaja\u021bi, contractan\u021bi \u0219i agen\u021bi care trebuie s\u0103 cunoac\u0103 aceste informa\u021bii pentru a opera, dezvolta sau \u00eembun\u0103t\u0103\u021bi produsele \u0219i serviciile noastre \u0219i \u00een concordan\u021b\u0103 cu nivelul de sensibilitate al acestor date.<\/p>\n\n\n\n<h3 class=\"wp-block-heading\">6. Alte site-uri Web<\/h3>\n\n\n\n<p>Pentru a v\u0103 oferi o valoare sporit\u0103, este posibil s\u0103 furniz\u0103m linkuri c\u0103tre alte site-uri sau resurse care nu fac parte din serviciile noastre gestionate de Colop Romania. Nu exercit\u0103m controlul asupra acestor site-uri web sau asupra practicilor lor de confiden\u021bialitate, iar orice informa\u021bii pe care le furniza\u021bi acelor site-uri fac obiectul politicilor de confiden\u021bialitate ale acelor site-uri \u0219i nu al acestei politici. Site-ul nostru poate con\u021bine leg\u0103turi c\u0103tre alte site-uri web gestionate de alte organiza\u021bii. Aceast\u0103 politic\u0103 de confiden\u021bialitate se aplic\u0103 numai site-ului nostru, a\u0219a c\u0103 v\u0103 \u00eencuraj\u0103m s\u0103 citi\u021bi declara\u021biile de confiden\u021bialitate de pe celelalte site-uri web pe care le vizita\u021bi. Nu putem fi responsabili pentru politicile \u0219i practicile de confiden\u021bialitate ale altor site-uri, chiar dac\u0103 le accesa\u021bi utiliz\u00e2nd link-uri de pe site-ul nostru. \u00cen plus, dac\u0103 sunte\u021bi conectat la site-ul nostru de pe un site ter\u021b\u0103 parte, nu putem fi responsabili pentru politicile \u0219i practicile de confiden\u021bialitate ale proprietarilor \u0219i operatorilor acelui site ter\u021b\u0103 parte \u0219i v\u0103 recomand\u0103m s\u0103 verifica\u021bi politica acelui site ter\u021b\u0103 parte.<\/p>\n\n\n\n<h3 class=\"wp-block-heading\">7. Copii<\/h3>\n\n\n\n<p>Suntem dedica\u021bi protej\u0103rii vie\u021bii private a copiilor cu v\u00e2rsta sub 16 ani. Site-ul nostru con\u021bine con\u021binut orientat spre afaceri \u0219i este destinat \u00een special utiliz\u0103rii de c\u0103tre adul\u021bi. Nu solicit\u0103m sau nu colect\u0103m cu bun\u0103 \u0219tiin\u021b\u0103 informa\u021bii personale (a\u0219a cum sunt definite \u00een Legea privind protec\u021bia vie\u021bii private a copiilor online) de la sau \u00een leg\u0103tur\u0103 cu persoane care nu au \u00eemplinit v\u00e2rsta de 18 ani. Dac\u0103 ave\u021bi v\u00e2rsta de 16 ani sau mai pu\u021bin, v\u0103 rug\u0103m s\u0103 primi\u021bi \u00een prealabil permisiunea p\u0103rintelui \/ tutorelui ori de c\u00e2te ori ne furniza\u021bi informa\u021bii personale.<\/p>\n\n\n\n<h3 class=\"wp-block-heading\">8. Modific\u0103ri ale acestei politici<\/h3>\n\n\n\n<p>Aceast\u0103 politic\u0103 se poate schimba ocazional, ca urmare a revizuirilor regulate.<\/p>\n","protected":false},"excerpt":{"rendered":"<p>1. Colop Romania srl se angajeaz\u0103 s\u0103 v\u0103 protejeze \u0219i s\u0103 respecte confiden\u021bialitatea. Aceast\u0103 politic\u0103 (\u00eempreun\u0103 cu Termenii \u0219i condi\u021biile noastre \u0219i orice alte documente la care se face referire) stabile\u0219te baza pe care orice informa\u021bie personal\u0103 pe care o colect\u0103m de la dvs. sau ne-o furniza\u021bi prin intermediul site-ului nostru va fi procesat\u0103 de<\/p>\n<div class=\"klb-readmore entry-button\"><a class=\"btn read-more\" href=\"https:\/\/newonline.colop.ro\/?page_id=3\">Afl\u0103 mai mult<\/a><\/div>\n","protected":false},"author":1,"featured_media":0,"parent":0,"menu_order":0,"comment_status":"closed","ping_status":"open","template":"","meta":{"footnotes":""},"_links":{"self":[{"href":"https:\/\/newonline.colop.ro\/index.php?rest_route=\/wp\/v2\/pages\/3"}],"collection":[{"href":"https:\/\/newonline.colop.ro\/index.php?rest_route=\/wp\/v2\/pages"}],"about":[{"href":"https:\/\/newonline.colop.ro\/index.php?rest_route=\/wp\/v2\/types\/page"}],"author":[{"embeddable":true,"href":"https:\/\/newonline.colop.ro\/index.php?rest_route=\/wp\/v2\/users\/1"}],"replies":[{"embeddable":true,"href":"https:\/\/newonline.colop.ro\/index.php?rest_route=%2Fwp%2Fv2%2Fcomments&post=3"}],"version-history":[{"count":0,"href":"https:\/\/newonline.colop.ro\/index.php?rest_route=\/wp\/v2\/pages\/3\/revisions"}],"wp:attachment":[{"href":"https:\/\/newonline.colop.ro\/index.php?rest_route=%2Fwp%2Fv2%2Fmedia&parent=3"}],"curies":[{"name":"wp","href":"https:\/\/api.w.org\/{rel}","templated":true}]}}