{"id":25908,"date":"2023-05-13T11:56:34","date_gmt":"2023-05-13T09:56:34","guid":{"rendered":"https:\/\/online.colop.ro\/?page_id=25908"},"modified":"2024-01-10T17:18:19","modified_gmt":"2024-01-10T15:18:19","slug":"formular-retur","status":"publish","type":"page","link":"https:\/\/newonline.colop.ro\/?page_id=25908","title":{"rendered":"Formular Retur"},"content":{"rendered":"\t\t<div data-elementor-type=\"wp-page\" data-elementor-id=\"25908\" class=\"elementor elementor-25908\">\n\t\t\t\t<div class=\"elementor-element elementor-element-16a259d e-flex e-con-boxed e-con e-parent\" data-id=\"16a259d\" data-element_type=\"container\">\n\t\t\t\t\t<div class=\"e-con-inner\">\n\t\t\t\t<div class=\"elementor-element elementor-element-90cd49d elementor-widget elementor-widget-heading\" data-id=\"90cd49d\" data-element_type=\"widget\" data-widget_type=\"heading.default\">\n\t\t\t\t<div class=\"elementor-widget-container\">\n\t\t\t<style>\/*! elementor - v3.21.0 - 26-05-2024 *\/\n.elementor-heading-title{padding:0;margin:0;line-height:1}.elementor-widget-heading .elementor-heading-title[class*=elementor-size-]>a{color:inherit;font-size:inherit;line-height:inherit}.elementor-widget-heading .elementor-heading-title.elementor-size-small{font-size:15px}.elementor-widget-heading .elementor-heading-title.elementor-size-medium{font-size:19px}.elementor-widget-heading .elementor-heading-title.elementor-size-large{font-size:29px}.elementor-widget-heading .elementor-heading-title.elementor-size-xl{font-size:39px}.elementor-widget-heading .elementor-heading-title.elementor-size-xxl{font-size:59px}<\/style><h2 class=\"elementor-heading-title elementor-size-default\">Formular retur<\/h2>\t\t<\/div>\n\t\t\t\t<\/div>\n\t\t\t\t\t<\/div>\n\t\t\t\t<\/div>\n\t\t<div class=\"elementor-element elementor-element-001eec9 e-flex e-con-boxed e-con e-parent\" data-id=\"001eec9\" data-element_type=\"container\">\n\t\t\t\t\t<div class=\"e-con-inner\">\n\t\t<div class=\"elementor-element elementor-element-78ebb99 e-con-full e-flex e-con e-child\" data-id=\"78ebb99\" data-element_type=\"container\">\n\t\t\t\t<div class=\"elementor-element elementor-element-5b012f94 elementor-widget elementor-widget-text-editor\" data-id=\"5b012f94\" data-element_type=\"widget\" data-widget_type=\"text-editor.default\">\n\t\t\t\t<div class=\"elementor-widget-container\">\n\t\t\t<style>\/*! elementor - v3.21.0 - 26-05-2024 *\/\n.elementor-widget-text-editor.elementor-drop-cap-view-stacked .elementor-drop-cap{background-color:#69727d;color:#fff}.elementor-widget-text-editor.elementor-drop-cap-view-framed .elementor-drop-cap{color:#69727d;border:3px solid;background-color:transparent}.elementor-widget-text-editor:not(.elementor-drop-cap-view-default) .elementor-drop-cap{margin-top:8px}.elementor-widget-text-editor:not(.elementor-drop-cap-view-default) .elementor-drop-cap-letter{width:1em;height:1em}.elementor-widget-text-editor .elementor-drop-cap{float:left;text-align:center;line-height:1;font-size:50px}.elementor-widget-text-editor .elementor-drop-cap-letter{display:inline-block}<\/style>\t\t\t\t<p><strong>INFORMA\u021aII CONTACT<\/strong><\/p><p><strong>Program de lucru:<\/strong><\/p><p><strong>L-V: 9:00 &#8211; 17:00<\/strong><\/p><p>Pentru orice alte nel\u0103muriri, contacta\u0163i-ne la\u00a0<\/p><p>Email: online@colop.ro<\/p><p><strong>COLOP ROM\u00c2NIA S.R.L<\/strong>.<br \/>Strada Some\u015fului 1, Bucure\u0219ti<br \/><strong>Telefon<\/strong>: 021 225 0682<br \/><strong>Email<\/strong>: office@colop.ro<\/p>\t\t\t\t\t\t<\/div>\n\t\t\t\t<\/div>\n\t\t\t\t<\/div>\n\t\t<div class=\"elementor-element elementor-element-b4923d9 e-con-full e-flex e-con e-child\" data-id=\"b4923d9\" data-element_type=\"container\">\n\t\t\t\t<div class=\"elementor-element elementor-element-b6c321e elementor-widget elementor-widget-text-editor\" data-id=\"b6c321e\" data-element_type=\"widget\" data-widget_type=\"text-editor.default\">\n\t\t\t\t<div class=\"elementor-widget-container\">\n\t\t\t\t\t\t\t<p>Returnarea se\u00a0<span class=\"word modified\" data-words=\"v\u0103,va\">va<\/span>\u00a0face\u00a0<span class=\"word\" data-words=\"\u00een,in\">\u00een<\/span>\u00a0termen de maxim 14 zile calendaristice de\u00a0<span class=\"word\" data-words=\"la,l\u0103\">la<\/span>\u00a0<span class=\"word\" data-words=\"data,dat\u0103\">data<\/span>\u00a0primirii coletului. Pentru acceptarea returului produsele trebuie returnare \u00een ambalajul original cu toate etichetele, accesoriile intacte.<\/p><p>Cheltuielile de returnare\u00a0<span class=\"word\" data-words=\"sunt,\u0219unt\">sunt<\/span>\u00a0suportate de client\u00a0<span class=\"word\" data-words=\"\u00een,in\">\u00een<\/span>\u00a0cazul\u00a0<span class=\"word\" data-words=\"\u00een,in\">\u00een<\/span>\u00a0care motivul returului este determinat exclusiv de\u00a0<span class=\"word\" data-words=\"c\u0103tre,catre\">c\u0103tre<\/span>\u00a0client.<\/p><p>Nu se accept\u0103 pentru returnare produsele care prezint\u0103 modific\u0103ri fizice, lovituri, ciobiri, zg\u00e2rieturi, pete, socuri, etc.<\/p><h5><strong>Completa\u021bi formularul de mai jos:<\/strong><\/h5>\n<div class=\"wpcf7 no-js\" id=\"wpcf7-f25907-o1\" lang=\"en-US\" dir=\"ltr\">\n<div class=\"screen-reader-response\"><p role=\"status\" aria-live=\"polite\" aria-atomic=\"true\"><\/p> <ul><\/ul><\/div>\n<form action=\"\/index.php?rest_route=%2Fwp%2Fv2%2Fpages%2F25908#wpcf7-f25907-o1\" method=\"post\" class=\"wpcf7-form init\" aria-label=\"Contact form\" novalidate=\"novalidate\" data-status=\"init\">\n<div style=\"display: none;\">\n<input type=\"hidden\" name=\"_wpcf7\" value=\"25907\" \/>\n<input type=\"hidden\" name=\"_wpcf7_version\" value=\"5.9.4\" \/>\n<input type=\"hidden\" name=\"_wpcf7_locale\" value=\"en_US\" \/>\n<input type=\"hidden\" name=\"_wpcf7_unit_tag\" value=\"wpcf7-f25907-o1\" \/>\n<input type=\"hidden\" name=\"_wpcf7_container_post\" value=\"0\" \/>\n<input type=\"hidden\" name=\"_wpcf7_posted_data_hash\" value=\"\" \/>\n<input type=\"hidden\" name=\"_wpcf7_recaptcha_response\" value=\"\" \/>\n<\/div>\n<div class=\"row row-form\">\n\t<div class=\"column-tablet-6 column-12\">\n\t\t<p><span class=\"text-form-retur\">Nume:<\/span>\n\t\t<\/p>\n\t\t<p><span class=\"wpcf7-form-control-wrap\" data-name=\"your-name\"><input size=\"40\" class=\"wpcf7-form-control wpcf7-text wpcf7-validates-as-required\" id=\"form-name-2\" aria-required=\"true\" aria-invalid=\"false\" placeholder=\"Nume *\" value=\"\" type=\"text\" name=\"your-name\" \/><\/span>\n\t\t<\/p>\n\t<\/div>\n\t<div class=\"column-tablet-6 column-12\">\n\t\t<p><span class=\"text-form-retur\">Adresa de email*:<\/span>\n\t\t<\/p>\n\t\t<p><span class=\"wpcf7-form-control-wrap\" data-name=\"your-email\"><input size=\"40\" class=\"wpcf7-form-control wpcf7-email wpcf7-validates-as-required wpcf7-text wpcf7-validates-as-email\" id=\"form-email-2\" aria-required=\"true\" aria-invalid=\"false\" placeholder=\"Adresa de email*\" value=\"\" type=\"email\" name=\"your-email\" \/><\/span>\n\t\t<\/p>\n\t<\/div>\n<\/div>\n<div class=\"row row-form\">\n\t<div class=\"column-12\">\n\t\t<p><span class=\"text-form-retur\">ID comand\u0103 (separa\u021bi id-urile prin virgul\u0103):<\/span>\n\t\t<\/p>\n\t\t<p><span class=\"wpcf7-form-control-wrap\" data-name=\"text-523\"><input size=\"40\" class=\"wpcf7-form-control wpcf7-text\" aria-invalid=\"false\" placeholder=\"ID comand\u0103\" value=\"\" type=\"text\" name=\"text-523\" \/><\/span>\n\t\t<\/p>\n\t<\/div>\n<\/div>\n<div class=\"row row-form\">\n\t<div class=\"column-12\">\n\t\t<p><span class=\"text-form-retur\">Nume Produs \u0219i cantitate (separa\u021bi produsele prin virgul\u0103):<\/span>\n\t\t<\/p>\n\t\t<p><span class=\"wpcf7-form-control-wrap\" data-name=\"text-524\"><input size=\"40\" class=\"wpcf7-form-control wpcf7-text\" aria-invalid=\"false\" placeholder=\"Nume Produs\" value=\"\" type=\"text\" name=\"text-524\" \/><\/span>\n\t\t<\/p>\n\t<\/div>\n<\/div>\n<div class=\"row row-form\">\n\t<div class=\"column-12\">\n\t\t<p><span class=\"text-form-retur\">Cod Produs (separa\u021bi produsele prin virgul\u0103):<\/span>\n\t\t<\/p>\n\t\t<p><span class=\"wpcf7-form-control-wrap\" data-name=\"text-525\"><input size=\"40\" class=\"wpcf7-form-control wpcf7-text\" aria-invalid=\"false\" placeholder=\"Cod Produs\" value=\"\" type=\"text\" name=\"text-525\" \/><\/span>\n\t\t<\/p>\n\t<\/div>\n<\/div>\n<div class=\"row row-form\">\n\t<div class=\"column-12\">\n\t\t<p><span class=\"text-form-retur\">Motivul Return\u0103rii:<\/span>\n\t\t<\/p>\n\t\t<p><span class=\"wpcf7-form-control-wrap\" data-name=\"Motivulreturnarii\"><select class=\"wpcf7-form-control wpcf7-select\" aria-invalid=\"false\" name=\"Motivulreturnarii\"><option value=\"Selectaz\u0103 motivul\">Selectaz\u0103 motivul<\/option><option value=\"A fost livrat un alt produs fa\u021b\u0103 de cel comandat\">A fost livrat un alt produs fa\u021b\u0103 de cel comandat<\/option><option value=\"Am g\u0103sit un pre\u021b mai bun \u00een alt\u0103 parte\">Am g\u0103sit un pre\u021b mai bun \u00een alt\u0103 parte<\/option><option value=\"M-am r\u0103zg\u00e2ndit, nu am nevoie de acest produs\">M-am r\u0103zg\u00e2ndit, nu am nevoie de acest produs<\/option><option value=\"Produsul a fost deteriorat la transport\">Produsul a fost deteriorat la transport<\/option><option value=\"Produsul nu corespunde descrierii afi\u0219ate pe site\">Produsul nu corespunde descrierii afi\u0219ate pe site<\/option><option value=\"Produsul prezint\u0103 defecte de fabrica\u021bie\">Produsul prezint\u0103 defecte de fabrica\u021bie<\/option><option value=\"Alt motiv\">Alt motiv<\/option><\/select><\/span>\n\t\t<\/p>\n\t<\/div>\n<\/div>\n<div class=\"row row-form\">\n\t<div class=\"column-12\">\n\t\t<p><span class=\"text-form-retur\">Alte informa\u021bii:<\/span>\n\t\t<\/p>\n\t\t<p><span class=\"wpcf7-form-control-wrap\" data-name=\"your-message\"><textarea cols=\"40\" rows=\"5\" class=\"wpcf7-form-control wpcf7-textarea wpcf7-validates-as-required\" aria-required=\"true\" aria-invalid=\"false\" name=\"your-message\">Alte informa\u021bii<\/textarea><\/span>\n\t\t<\/p>\n\t<\/div>\n<\/div>\n<p><button type=\"submit\" value=\"Submit\"><span>Trimite cererea de retur<\/span><\/button>\n<\/p><div class=\"wpcf7-response-output\" aria-hidden=\"true\"><\/div>\n<\/form>\n<\/div>\n\t\t\t\t\t\t<\/div>\n\t\t\t\t<\/div>\n\t\t\t\t<\/div>\n\t\t\t\t\t<\/div>\n\t\t\t\t<\/div>\n\t\t<div class=\"elementor-element elementor-element-36bd0780 e-flex e-con-boxed e-con e-parent\" data-id=\"36bd0780\" data-element_type=\"container\">\n\t\t\t\t\t<div class=\"e-con-inner\">\n\t\t\t\t\t<\/div>\n\t\t\t\t<\/div>\n\t\t\t\t<\/div>\n\t\t","protected":false},"excerpt":{"rendered":"<p>Formular retur INFORMA\u021aII CONTACT Program de lucru: L-V: 9:00 &#8211; 17:00 Pentru orice alte nel\u0103muriri, contacta\u0163i-ne la\u00a0 Email: online@colop.ro COLOP ROM\u00c2NIA S.R.L.Strada Some\u015fului 1, Bucure\u0219tiTelefon: 021 225 0682Email: office@colop.ro Returnarea se\u00a0va\u00a0face\u00a0\u00een\u00a0termen de maxim 14 zile calendaristice de\u00a0la\u00a0data\u00a0primirii coletului. Pentru acceptarea returului produsele trebuie returnare \u00een ambalajul original cu toate etichetele, accesoriile intacte. Cheltuielile de returnare\u00a0sunt\u00a0suportate<\/p>\n<div class=\"klb-readmore entry-button\"><a class=\"btn read-more\" href=\"https:\/\/newonline.colop.ro\/?page_id=25908\">Afl\u0103 mai mult<\/a><\/div>\n","protected":false},"author":1,"featured_media":0,"parent":0,"menu_order":0,"comment_status":"closed","ping_status":"closed","template":"","meta":{"footnotes":""},"_links":{"self":[{"href":"https:\/\/newonline.colop.ro\/index.php?rest_route=\/wp\/v2\/pages\/25908"}],"collection":[{"href":"https:\/\/newonline.colop.ro\/index.php?rest_route=\/wp\/v2\/pages"}],"about":[{"href":"https:\/\/newonline.colop.ro\/index.php?rest_route=\/wp\/v2\/types\/page"}],"author":[{"embeddable":true,"href":"https:\/\/newonline.colop.ro\/index.php?rest_route=\/wp\/v2\/users\/1"}],"replies":[{"embeddable":true,"href":"https:\/\/newonline.colop.ro\/index.php?rest_route=%2Fwp%2Fv2%2Fcomments&post=25908"}],"version-history":[{"count":0,"href":"https:\/\/newonline.colop.ro\/index.php?rest_route=\/wp\/v2\/pages\/25908\/revisions"}],"wp:attachment":[{"href":"https:\/\/newonline.colop.ro\/index.php?rest_route=%2Fwp%2Fv2%2Fmedia&parent=25908"}],"curies":[{"name":"wp","href":"https:\/\/api.w.org\/{rel}","templated":true}]}}